{"id":5418,"date":"2022-09-19T17:24:08","date_gmt":"2022-09-19T15:24:08","guid":{"rendered":"https:\/\/www.direnergy.net\/?post_type=product&#038;p=5418"},"modified":"2022-09-22T13:09:41","modified_gmt":"2022-09-22T11:09:41","slug":"panel-solar-flexible-180-w-12-v","status":"publish","type":"product","link":"https:\/\/www.direnergy.net\/index.php\/producto\/panel-solar-flexible-180-w-12-v\/","title":{"rendered":"Panel Solar flexible 180W 12V"},"content":{"rendered":"<p>Placa solar flexible monocristalina de alta eficiencia. Esta placa solar cubre un amplio espectro de aplicaciones. Voltaje y tama\u00f1o perfecto para la instalaci\u00f3n y carga de bater\u00edas en campers y caravanas.<\/p>\n<p>La flexibilidad de estas placas se debe al material flexible (ETFE) que recubre las conexiones. Esto las convierte en placas solares todoterreno, permitiendo fijarlas all\u00ed, donde no es posible realizar la instalaci\u00f3n de placas convencionales. Por ejemplo, sobre superficies curvas.<\/p>\n<p>La placa solar est\u00e1 compuesta por 36 c\u00e9lulas monocristalinas SHINGLE-TECH.<\/p>\n<p>Utilizan un vidrio con muy bajo contenido en plomo. Esto permite que las c\u00e9lulas sean m\u00e1s eficientes en cuanto a captaci\u00f3n de radiaci\u00f3n solar.<\/p>\n<p>Dimensiones:<\/p>\n<p>&#8211; Longitud: 1150 mm<\/p>\n<p>&#8211; Anchura: 840 mm<\/p>\n<p>&#8211; Altura: 20 mm<\/p>\n<p>Caracter\u00edsticas del panel solar:<\/p>\n<p>&#8211; Potencia Pico (Pmax): 180 W<\/p>\n<p>&#8211; Voltaje a m\u00e1xima potencia (Vmp): 19,80 V<\/p>\n<p>&#8211; Intensidad a m\u00e1xima potencia (Imp): 9,09 V<\/p>\n<p>&#8211; Voltaje en circuito abierto (Voc): 23,40 V<\/p>\n<p>&#8211; Intensidad en cortocircuito: (Isc) 9,60 V<\/p>\n<p>La garant\u00eda contra defectos de fabricaci\u00f3n en el producto es de 2 a\u00f1os. La garant\u00eda que asegura el fabricante en cu\u00e1nto a entrega de potencia del panel (suponiendo que el panel deja de ser eficiente, en cuanto a producci\u00f3n, cuando alcanza el 80% de potencia nominal de salida), es de 5 a\u00f1os.<\/p>\n<p>&#8211; <a href=\"https:\/\/www.direnergy.net\/wp-content\/uploads\/2022\/09\/SZ-180-36MFE-Datasheet.pdf\"><span style=\"color: #3089e9;\">Ficha de datos<\/span><\/a>.<\/p>\n<p>En este producto se incluye:<\/p>\n<p>&#8211; 1x Panel Solar flexible 180W 12V.<\/p>\n","protected":false},"excerpt":{"rendered":"<p>Panel solar flexible SOLARFAM ETFE 180W 12V, ideal para campers y caravanas. Potente soluci\u00f3n para bater\u00edas de 12V.<\/p>\n","protected":false},"featured_media":5394,"template":"","meta":{"ocean_post_layout":"","ocean_both_sidebars_style":"","ocean_both_sidebars_content_width":0,"ocean_both_sidebars_sidebars_width":0,"ocean_sidebar":"0","ocean_second_sidebar":"0","ocean_disable_margins":"enable","ocean_add_body_class":"","ocean_shortcode_before_top_bar":"","ocean_shortcode_after_top_bar":"","ocean_shortcode_before_header":"","ocean_shortcode_after_header":"","ocean_has_shortcode":"","ocean_shortcode_after_title":"","ocean_shortcode_before_footer_widgets":"","ocean_shortcode_after_footer_widgets":"","ocean_shortcode_before_footer_bottom":"","ocean_shortcode_after_footer_bottom":"","ocean_display_top_bar":"default","ocean_display_header":"default","ocean_header_style":"","ocean_center_header_left_menu":"0","ocean_custom_header_template":"0","ocean_custom_logo":0,"ocean_custom_retina_logo":0,"ocean_custom_logo_max_width":0,"ocean_custom_logo_tablet_max_width":0,"ocean_custom_logo_mobile_max_width":0,"ocean_custom_logo_max_height":0,"ocean_custom_logo_tablet_max_height":0,"ocean_custom_logo_mobile_max_height":0,"ocean_header_custom_menu":"0","ocean_menu_typo_font_family":"0","ocean_menu_typo_font_subset":"","ocean_menu_typo_font_size":0,"ocean_menu_typo_font_size_tablet":0,"ocean_menu_typo_font_size_mobile":0,"ocean_menu_typo_font_size_unit":"px","ocean_menu_typo_font_weight":"","ocean_menu_typo_font_weight_tablet":"","ocean_menu_typo_font_weight_mobile":"","ocean_menu_typo_transform":"","ocean_menu_typo_transform_tablet":"","ocean_menu_typo_transform_mobile":"","ocean_menu_typo_line_height":0,"ocean_menu_typo_line_height_tablet":0,"ocean_menu_typo_line_height_mobile":0,"ocean_menu_typo_line_height_unit":"","ocean_menu_typo_spacing":0,"ocean_menu_typo_spacing_tablet":0,"ocean_menu_typo_spacing_mobile":0,"ocean_menu_typo_spacing_unit":"","ocean_menu_link_color":"","ocean_menu_link_color_hover":"","ocean_menu_link_color_active":"","ocean_menu_link_background":"","ocean_menu_link_hover_background":"","ocean_menu_link_active_background":"","ocean_menu_social_links_bg":"","ocean_menu_social_hover_links_bg":"","ocean_menu_social_links_color":"","ocean_menu_social_hover_links_color":"","ocean_disable_title":"default","ocean_disable_heading":"default","ocean_post_title":"","ocean_post_subheading":"","ocean_post_title_style":"","ocean_post_title_background_color":"","ocean_post_title_background":0,"ocean_post_title_bg_image_position":"","ocean_post_title_bg_image_attachment":"","ocean_post_title_bg_image_repeat":"","ocean_post_title_bg_image_size":"","ocean_post_title_height":0,"ocean_post_title_bg_overlay":0.5,"ocean_post_title_bg_overlay_color":"","ocean_disable_breadcrumbs":"default","ocean_breadcrumbs_color":"","ocean_breadcrumbs_separator_color":"","ocean_breadcrumbs_links_color":"","ocean_breadcrumbs_links_hover_color":"","ocean_display_footer_widgets":"default","ocean_display_footer_bottom":"default","ocean_custom_footer_template":"0","_joinchat":[]},"product_cat":[86],"product_tag":[],"class_list":{"0":"post-5418","1":"product","2":"type-product","3":"status-publish","4":"has-post-thumbnail","6":"product_cat-paneles-solares-castellon","8":"entry","9":"has-media","11":"first","12":"instock","13":"taxable","14":"shipping-taxable","15":"purchasable","16":"product-type-simple","17":"has-product-nav","18":"col","19":"span_1_of_4","20":"owp-content-center","21":"owp-thumbs-layout-horizontal","22":"owp-btn-normal","23":"owp-tabs-layout-horizontal"},"_links":{"self":[{"href":"https:\/\/www.direnergy.net\/index.php\/wp-json\/wp\/v2\/product\/5418","targetHints":{"allow":["GET"]}}],"collection":[{"href":"https:\/\/www.direnergy.net\/index.php\/wp-json\/wp\/v2\/product"}],"about":[{"href":"https:\/\/www.direnergy.net\/index.php\/wp-json\/wp\/v2\/types\/product"}],"wp:featuredmedia":[{"embeddable":true,"href":"https:\/\/www.direnergy.net\/index.php\/wp-json\/wp\/v2\/media\/5394"}],"wp:attachment":[{"href":"https:\/\/www.direnergy.net\/index.php\/wp-json\/wp\/v2\/media?parent=5418"}],"wp:term":[{"taxonomy":"product_cat","embeddable":true,"href":"https:\/\/www.direnergy.net\/index.php\/wp-json\/wp\/v2\/product_cat?post=5418"},{"taxonomy":"product_tag","embeddable":true,"href":"https:\/\/www.direnergy.net\/index.php\/wp-json\/wp\/v2\/product_tag?post=5418"}],"curies":[{"name":"wp","href":"https:\/\/api.w.org\/{rel}","templated":true}]}}