{"id":5416,"date":"2022-09-19T17:24:08","date_gmt":"2022-09-19T15:24:08","guid":{"rendered":"https:\/\/www.direnergy.net\/?post_type=product&#038;p=5416"},"modified":"2022-11-23T15:21:09","modified_gmt":"2022-11-23T14:21:09","slug":"panel-solar-455-w-ja-solar-mono-perc","status":"publish","type":"product","link":"https:\/\/www.direnergy.net\/index.php\/producto\/panel-solar-455-w-ja-solar-mono-perc\/","title":{"rendered":"Panel Solar 455W JA Solar Mono PERC"},"content":{"rendered":"<p>Mayor eficiencia que otros paneles de la misma gama, debido a la tecnolog\u00eda de c\u00e9lulas PERC. Estas c\u00e9lulas logran una mayor producci\u00f3n, as\u00ed como un mejor rendimiento a altas temperaturas y ante sombras.<\/p>\n<p>Estos paneles, bajo condiciones est\u00e1ndar de irradiaci\u00f3n (1.000 W\/m\u00b2, T\u00aa de 25 \u00baC y presi\u00f3n de aire de 1,5 AM), tienen una tolerancia de salida de \u00b1 5 W.<\/p>\n<p>Marco de aluminio anodizado, de alta resistencia ante el anclaje sobre estructura y para evitar torsiones futuras del panel.<\/p>\n<p>Compatible con instalaciones fotovoltaicas aisladas y conectadas a red.<\/p>\n<p>Dimensiones:<\/p>\n<ul>\n<li>Longitud: 2112 mm<\/li>\n<li>Anchura: 1052 mm<\/li>\n<li>Altura: 35 mm<\/li>\n<\/ul>\n<p>Caracter\u00edsticas del panel solar:<\/p>\n<ul>\n<li>Potencia Pico (Pmax): 455W<\/li>\n<li>Voltaje a m\u00e1xima potencia (Vmp): 41,82V<\/li>\n<li>Intensidad a m\u00e1xima potencia (Imp): 10,88 V<\/li>\n<li>Voltaje en circuito abierto (Voc): 49,85V<\/li>\n<li>Intensidad en cortocircuito (Isc): 11,41 V<\/li>\n<\/ul>\n<p>La garant\u00eda contra defectos de fabricaci\u00f3n en el producto es de 12 a\u00f1os. La garant\u00eda que asegura el fabricante en cu\u00e1nto a entrega de potencia del panel (suponiendo que el panel deja de ser eficiente, en cuanto a producci\u00f3n, cuando alcanza el 81,4% de potencia nominal de salida), es de 25 a\u00f1os.<\/p>\n<ul>\n<li><a href=\"https:\/\/www.direnergy.net\/wp-content\/uploads\/2022\/09\/JaSolar-M72S20-MR440-465W-DataSheet.pdf\"><span style=\"color: #3089e9;\">Ficha de datos<\/span><\/a>.<\/li>\n<\/ul>\n<p>En este producto se incluye:<\/p>\n<ul>\n<li>1x Panel Solar 455W JA Solar Mono PERC.<\/li>\n<\/ul>\n","protected":false},"excerpt":{"rendered":"<p>M\u00f3dulo monocristalino con 455 W de potencia. Tecnolog\u00eda PERC. Mayor eficiencia ante sombreados.<\/p>\n","protected":false},"featured_media":5393,"template":"","meta":{"ocean_post_layout":"","ocean_both_sidebars_style":"","ocean_both_sidebars_content_width":0,"ocean_both_sidebars_sidebars_width":0,"ocean_sidebar":"0","ocean_second_sidebar":"0","ocean_disable_margins":"enable","ocean_add_body_class":"","ocean_shortcode_before_top_bar":"","ocean_shortcode_after_top_bar":"","ocean_shortcode_before_header":"","ocean_shortcode_after_header":"","ocean_has_shortcode":"","ocean_shortcode_after_title":"","ocean_shortcode_before_footer_widgets":"","ocean_shortcode_after_footer_widgets":"","ocean_shortcode_before_footer_bottom":"","ocean_shortcode_after_footer_bottom":"","ocean_display_top_bar":"default","ocean_display_header":"default","ocean_header_style":"","ocean_center_header_left_menu":"0","ocean_custom_header_template":"0","ocean_custom_logo":0,"ocean_custom_retina_logo":0,"ocean_custom_logo_max_width":0,"ocean_custom_logo_tablet_max_width":0,"ocean_custom_logo_mobile_max_width":0,"ocean_custom_logo_max_height":0,"ocean_custom_logo_tablet_max_height":0,"ocean_custom_logo_mobile_max_height":0,"ocean_header_custom_menu":"0","ocean_menu_typo_font_family":"0","ocean_menu_typo_font_subset":"","ocean_menu_typo_font_size":0,"ocean_menu_typo_font_size_tablet":0,"ocean_menu_typo_font_size_mobile":0,"ocean_menu_typo_font_size_unit":"px","ocean_menu_typo_font_weight":"","ocean_menu_typo_font_weight_tablet":"","ocean_menu_typo_font_weight_mobile":"","ocean_menu_typo_transform":"","ocean_menu_typo_transform_tablet":"","ocean_menu_typo_transform_mobile":"","ocean_menu_typo_line_height":0,"ocean_menu_typo_line_height_tablet":0,"ocean_menu_typo_line_height_mobile":0,"ocean_menu_typo_line_height_unit":"","ocean_menu_typo_spacing":0,"ocean_menu_typo_spacing_tablet":0,"ocean_menu_typo_spacing_mobile":0,"ocean_menu_typo_spacing_unit":"","ocean_menu_link_color":"","ocean_menu_link_color_hover":"","ocean_menu_link_color_active":"","ocean_menu_link_background":"","ocean_menu_link_hover_background":"","ocean_menu_link_active_background":"","ocean_menu_social_links_bg":"","ocean_menu_social_hover_links_bg":"","ocean_menu_social_links_color":"","ocean_menu_social_hover_links_color":"","ocean_disable_title":"default","ocean_disable_heading":"default","ocean_post_title":"","ocean_post_subheading":"","ocean_post_title_style":"","ocean_post_title_background_color":"","ocean_post_title_background":0,"ocean_post_title_bg_image_position":"","ocean_post_title_bg_image_attachment":"","ocean_post_title_bg_image_repeat":"","ocean_post_title_bg_image_size":"","ocean_post_title_height":0,"ocean_post_title_bg_overlay":0.5,"ocean_post_title_bg_overlay_color":"","ocean_disable_breadcrumbs":"default","ocean_breadcrumbs_color":"","ocean_breadcrumbs_separator_color":"","ocean_breadcrumbs_links_color":"","ocean_breadcrumbs_links_hover_color":"","ocean_display_footer_widgets":"default","ocean_display_footer_bottom":"default","ocean_custom_footer_template":"0","_joinchat":[]},"product_cat":[86],"product_tag":[],"class_list":{"0":"post-5416","1":"product","2":"type-product","3":"status-publish","4":"has-post-thumbnail","6":"product_cat-paneles-solares-castellon","8":"entry","9":"has-media","11":"first","12":"outofstock","13":"taxable","14":"shipping-taxable","15":"purchasable","16":"product-type-simple","17":"has-product-nav","18":"col","19":"span_1_of_4","20":"owp-content-center","21":"owp-thumbs-layout-horizontal","22":"owp-btn-normal","23":"owp-tabs-layout-horizontal"},"_links":{"self":[{"href":"https:\/\/www.direnergy.net\/index.php\/wp-json\/wp\/v2\/product\/5416","targetHints":{"allow":["GET"]}}],"collection":[{"href":"https:\/\/www.direnergy.net\/index.php\/wp-json\/wp\/v2\/product"}],"about":[{"href":"https:\/\/www.direnergy.net\/index.php\/wp-json\/wp\/v2\/types\/product"}],"wp:featuredmedia":[{"embeddable":true,"href":"https:\/\/www.direnergy.net\/index.php\/wp-json\/wp\/v2\/media\/5393"}],"wp:attachment":[{"href":"https:\/\/www.direnergy.net\/index.php\/wp-json\/wp\/v2\/media?parent=5416"}],"wp:term":[{"taxonomy":"product_cat","embeddable":true,"href":"https:\/\/www.direnergy.net\/index.php\/wp-json\/wp\/v2\/product_cat?post=5416"},{"taxonomy":"product_tag","embeddable":true,"href":"https:\/\/www.direnergy.net\/index.php\/wp-json\/wp\/v2\/product_tag?post=5416"}],"curies":[{"name":"wp","href":"https:\/\/api.w.org\/{rel}","templated":true}]}}