{"id":4501,"date":"2022-04-13T13:49:47","date_gmt":"2022-04-13T11:49:47","guid":{"rendered":"https:\/\/www.direnergy.net\/?post_type=product&#038;p=4501"},"modified":"2022-09-14T13:44:14","modified_gmt":"2022-09-14T11:44:14","slug":"vatimetro-trifasico-solis","status":"publish","type":"product","link":"https:\/\/www.direnergy.net\/index.php\/producto\/vatimetro-trifasico-solis\/","title":{"rendered":"Vat\u00edmetro trif\u00e1sico Solis"},"content":{"rendered":"<p>Este vat\u00edmetro trif\u00e1sico permite la <strong>medici\u00f3n<\/strong> de la <strong>energ\u00eda<\/strong> <strong>exportada<\/strong> para la <strong>compensaci\u00f3n<\/strong> de <strong>excedentes<\/strong>, as\u00ed como la <strong>energ\u00eda<\/strong> <strong>comprada<\/strong> para su consumo. Esto p<strong>ermite controlar los consumos de la vivienda<\/strong> y <strong>realizar<\/strong> el <strong>vertido 0<\/strong> a la <strong>red<\/strong>.<\/p>\n<p><strong>Compatible<\/strong> con <strong>cualquier<\/strong> <strong>modelo<\/strong> de<a href=\"https:\/\/www.direnergy.net\/index.php\/tienda\/categoria\/inversores\/inversores-autoconsumo-castellon\/inversores-trifasicos-castellon\/\"><span style=\"color: #3089e9;\"> inversor Solis trif\u00e1sico<\/span><\/a>. Al ser de<strong> medida indirecta<\/strong>, no es necesario realizar cambios en la instalaci\u00f3n el\u00e9ctrica original, ya que se utilizan unas <strong>pinzas amperim\u00e9tricas<\/strong>, con la que se pueden realizar mediciones por fase de hasta 150A<strong>.<\/strong> Apto para ser incorporado a un <strong>carril DIN35<\/strong>. Integra un<strong> display LCD<\/strong> para visualizaci\u00f3n en tiempo real de las mediciones. Incluye <strong>10 m de cable RS485<\/strong> con conector para inversores Solis.<\/p>\n<ul>\n<li><span style=\"color: #3089e9;\"><a style=\"color: #3089e9;\" href=\"https:\/\/www.direnergy.net\/wp-content\/uploads\/2022\/03\/Ficha-tecnica-vatimetro-trifasico-DTSD1352.pdf\" target=\"_blank\" rel=\"noopener\">Ficha de datos.<\/a><\/span><\/li>\n<li><span style=\"color: #3089e9;\"><a style=\"color: #3089e9;\" href=\"https:\/\/www.direnergy.net\/wp-content\/uploads\/2022\/03\/30c296e0c35e3bb5538a6f2d6d52fdeb.pdf\" target=\"_blank\" rel=\"noopener\">Manual.<\/a><\/span><\/li>\n<\/ul>\n<p>Los vat\u00edmetros Solis disponen del <strong>marcaje CE<\/strong> y los <strong>certificados<\/strong> <strong>necesarios<\/strong> para la <strong>legalizaci\u00f3n de la instalaci\u00f3n solar<\/strong> y <strong>venta<\/strong> de <strong>excedentes<\/strong> en <strong>Espa\u00f1a<\/strong>.<\/p>\n<p><span style=\"color: #000000;\"><a style=\"color: #000000;\" href=\"https:\/\/www.direnergy.net\/wp-content\/uploads\/2022\/04\/Solis-Garantia-1.pdf\"><strong>2 a\u00f1os de garant\u00eda<\/strong>.<\/a><\/span><\/p>\n<p>En este producto se incluye:<\/p>\n<p>\u2013 1x vat\u00edmetro Solis DTSD1352 trif\u00e1sico (incluye pinzas amperim\u00e9tricas).<\/p>\n<p>\u2013 1x cable RS485 con conector (10 m).<\/p>\n","protected":false},"excerpt":{"rendered":"<p>Vat\u00edmetro Solis DTSD1352 trif\u00e1sico con pinzas amperim\u00e9tricas (medida indirecta). Medidor compatible con los inversores trif\u00e1sicos Solis.<\/p>\n","protected":false},"featured_media":4241,"template":"","meta":{"ocean_post_layout":"","ocean_both_sidebars_style":"","ocean_both_sidebars_content_width":0,"ocean_both_sidebars_sidebars_width":0,"ocean_sidebar":"0","ocean_second_sidebar":"0","ocean_disable_margins":"enable","ocean_add_body_class":"","ocean_shortcode_before_top_bar":"","ocean_shortcode_after_top_bar":"","ocean_shortcode_before_header":"","ocean_shortcode_after_header":"","ocean_has_shortcode":"","ocean_shortcode_after_title":"","ocean_shortcode_before_footer_widgets":"","ocean_shortcode_after_footer_widgets":"","ocean_shortcode_before_footer_bottom":"","ocean_shortcode_after_footer_bottom":"","ocean_display_top_bar":"default","ocean_display_header":"default","ocean_header_style":"","ocean_center_header_left_menu":"0","ocean_custom_header_template":"0","ocean_custom_logo":0,"ocean_custom_retina_logo":0,"ocean_custom_logo_max_width":0,"ocean_custom_logo_tablet_max_width":0,"ocean_custom_logo_mobile_max_width":0,"ocean_custom_logo_max_height":0,"ocean_custom_logo_tablet_max_height":0,"ocean_custom_logo_mobile_max_height":0,"ocean_header_custom_menu":"0","ocean_menu_typo_font_family":"0","ocean_menu_typo_font_subset":"","ocean_menu_typo_font_size":0,"ocean_menu_typo_font_size_tablet":0,"ocean_menu_typo_font_size_mobile":0,"ocean_menu_typo_font_size_unit":"px","ocean_menu_typo_font_weight":"","ocean_menu_typo_font_weight_tablet":"","ocean_menu_typo_font_weight_mobile":"","ocean_menu_typo_transform":"","ocean_menu_typo_transform_tablet":"","ocean_menu_typo_transform_mobile":"","ocean_menu_typo_line_height":0,"ocean_menu_typo_line_height_tablet":0,"ocean_menu_typo_line_height_mobile":0,"ocean_menu_typo_line_height_unit":"","ocean_menu_typo_spacing":0,"ocean_menu_typo_spacing_tablet":0,"ocean_menu_typo_spacing_mobile":0,"ocean_menu_typo_spacing_unit":"","ocean_menu_link_color":"","ocean_menu_link_color_hover":"","ocean_menu_link_color_active":"","ocean_menu_link_background":"","ocean_menu_link_hover_background":"","ocean_menu_link_active_background":"","ocean_menu_social_links_bg":"","ocean_menu_social_hover_links_bg":"","ocean_menu_social_links_color":"","ocean_menu_social_hover_links_color":"","ocean_disable_title":"default","ocean_disable_heading":"default","ocean_post_title":"","ocean_post_subheading":"","ocean_post_title_style":"","ocean_post_title_background_color":"","ocean_post_title_background":0,"ocean_post_title_bg_image_position":"","ocean_post_title_bg_image_attachment":"","ocean_post_title_bg_image_repeat":"","ocean_post_title_bg_image_size":"","ocean_post_title_height":0,"ocean_post_title_bg_overlay":0.5,"ocean_post_title_bg_overlay_color":"","ocean_disable_breadcrumbs":"default","ocean_breadcrumbs_color":"","ocean_breadcrumbs_separator_color":"","ocean_breadcrumbs_links_color":"","ocean_breadcrumbs_links_hover_color":"","ocean_display_footer_widgets":"default","ocean_display_footer_bottom":"default","ocean_custom_footer_template":"0","_joinchat":[]},"product_cat":[103,111,85],"product_tag":[],"class_list":{"0":"post-4501","1":"product","2":"type-product","3":"status-publish","4":"has-post-thumbnail","6":"product_cat-accesorios-inversores","7":"product_cat-inversores-autoconsumo-castellon","8":"product_cat-inversores","10":"entry","11":"has-media","13":"first","14":"instock","15":"taxable","16":"shipping-taxable","17":"purchasable","18":"product-type-simple","19":"has-product-nav","20":"col","21":"span_1_of_4","22":"owp-content-center","23":"owp-thumbs-layout-horizontal","24":"owp-btn-normal","25":"owp-tabs-layout-horizontal"},"_links":{"self":[{"href":"https:\/\/www.direnergy.net\/index.php\/wp-json\/wp\/v2\/product\/4501","targetHints":{"allow":["GET"]}}],"collection":[{"href":"https:\/\/www.direnergy.net\/index.php\/wp-json\/wp\/v2\/product"}],"about":[{"href":"https:\/\/www.direnergy.net\/index.php\/wp-json\/wp\/v2\/types\/product"}],"wp:featuredmedia":[{"embeddable":true,"href":"https:\/\/www.direnergy.net\/index.php\/wp-json\/wp\/v2\/media\/4241"}],"wp:attachment":[{"href":"https:\/\/www.direnergy.net\/index.php\/wp-json\/wp\/v2\/media?parent=4501"}],"wp:term":[{"taxonomy":"product_cat","embeddable":true,"href":"https:\/\/www.direnergy.net\/index.php\/wp-json\/wp\/v2\/product_cat?post=4501"},{"taxonomy":"product_tag","embeddable":true,"href":"https:\/\/www.direnergy.net\/index.php\/wp-json\/wp\/v2\/product_tag?post=4501"}],"curies":[{"name":"wp","href":"https:\/\/api.w.org\/{rel}","templated":true}]}}