{"id":3947,"date":"2022-02-21T16:25:29","date_gmt":"2022-02-21T15:25:29","guid":{"rendered":"https:\/\/www.direnergy.net\/?post_type=product&#038;p=3947"},"modified":"2022-03-04T16:05:48","modified_gmt":"2022-03-04T15:05:48","slug":"bateria-litio-victron-smart-lifepo4-128-v-50-ah","status":"publish","type":"product","link":"https:\/\/www.direnergy.net\/index.php\/producto\/bateria-litio-victron-smart-lifepo4-128-v-50-ah\/","title":{"rendered":"Bater\u00eda litio Victron Smart LiFePO4 12,8 V \/ 50 Ah"},"content":{"rendered":"<p>La bater\u00eda <strong>Victron LiFePO4 Smart 12,8 V \/ 50 Ah<\/strong> es de<strong> f\u00e1cil instalaci\u00f3n<\/strong> y <strong>sin mantenimiento<\/strong>.<\/p>\n<p>La tecnolog\u00eda de litio LiFePO4 es, ahora mismo, una de las <strong>m\u00e1s seguras del mercado<\/strong>.<\/p>\n<p>Estas bater\u00edas est\u00e1n formadas por 4 celdas de 3,2 V de tensi\u00f3n nominal. Esta bater\u00eda de 12,8 V, por tanto, consta de 4 celdas conectadas en serie.<\/p>\n<p>Se trata de una bater\u00eda <strong>resistente<\/strong>, y con una composici\u00f3n qu\u00edmica para <strong>aplicaciones muy exigentes<\/strong>, ya que en comparaci\u00f3n de las bater\u00edas con tecnolog\u00eda \u00e1cido-plomo, las bater\u00edas con tecnolog\u00eda LiFePO4 tienen capacidad para:<\/p>\n<ul>\n<li>Funcionar en modo d\u00e9ficit durante largos periodos de tiempo, ya que no requiere ser cargada al completo.<\/li>\n<li>Trabajar en un alto rango de temperaturas.<\/li>\n<li>Rendir a la perfecci\u00f3n durante todos sus ciclos.<\/li>\n<li>Adem\u00e1s, tienen una baja resistencia interna y alta eficiencia.<\/li>\n<\/ul>\n<p>En comparaci\u00f3n con sus antecesoras de \u00e1cido-plomo, las bater\u00edas con tecnolog\u00eda LiFePO4 tienen la <strong>capacidad de acumular m\u00e1s energ\u00eda en menos espacio<\/strong>, reduciendo un 70%, tanto el peso como las dimensiones. Por tanto, estas bater\u00edas solares son ideales para su utilizaci\u00f3n en <strong>autocaravanas<\/strong>, <strong>furgonetas<\/strong> <strong>camper<\/strong> y <strong>barcos<\/strong>. La reducci\u00f3n de las dimensiones de las bater\u00edas con tecnolog\u00eda de litio, hace que sean m\u00e1s costosas que las bater\u00edas de \u00e1cido\/plomo. En <a href=\"https:\/\/www.direnergy.net\/index.php\/blog\/4-tipos-baterias-solares\/\">este art\u00edculo<\/a> podr\u00e1 encontrar m\u00e1s informaci\u00f3n sobre tipos de bater\u00edas disponibles en el mercado.<\/p>\n<p>Las <strong>bater\u00edas de litio<\/strong> tienen una <strong>mayor vida \u00fatil<\/strong>, que sus an\u00e1logas de \u00e1cido\/plomo, ya que son capaces de <strong>soportar un mayor n\u00famero de ciclos de carga\/descarga<\/strong>. La <strong>eficiencia energ\u00e9tica<\/strong> de las bater\u00edas de \u00e1cido\/plomo (descarga del 100% a 0% y vuelta a cargar al 100%) es del 80%, ya que el proceso de carga se vuelve ineficiente. Este modelo de bater\u00eda de Victron, con tecnolog\u00eda LiFePO4, tiene una eficiencia energ\u00e9tica del 90%, lo que le permite ser de gran utilidad en varias aplicaciones off-grid, en las cuales es necesario utilizar la reserva de bater\u00eda durante unos d\u00edas sin sol.<\/p>\n<p>La bater\u00eda Victron Smart LiFePO4 12,8 V \/ 50 Ah tiene la <strong>capacidad de<\/strong> <strong>aguantar un gran n\u00famero de ciclos<\/strong> (hasta 2.500) de <strong>carga\/descarga<\/strong> (descargas del 80% de su capacidad nominal) resultando ideal para la utilizaci\u00f3n en condiciones que sea necesario utilizar su reserva durante d\u00edas.<\/p>\n<p>La flexibilidad de las celdas de estas bater\u00edas, para repartir la carga entre las mismas, nos permite su <strong>conexi\u00f3n<\/strong> con otras bater\u00edas en <strong>paralelo<\/strong>.<\/p>\n<p>La bater\u00eda <strong>incorpora un sistema de control integrado de equilibrado<\/strong>, temperatura y tensi\u00f3n (<strong>BTV<\/strong>) que se conecta con un sistema externo de gesti\u00f3n de la bater\u00eda (BMS). El sistema de gesti\u00f3n de bater\u00edas no se incluye con la bater\u00eda, ha de comprarse por separado.<\/p>\n<p>El sistema de gesti\u00f3n de bater\u00edas (<strong>BMS<\/strong>) <strong>permite<\/strong>:<\/p>\n<ul>\n<li>Desconectar la carga, cuando la tensi\u00f3n de una celda est\u00e1 por debajo de 2,5 V.<\/li>\n<li>Para la carga cuando la tensi\u00f3n de una celda est\u00e1 por encima de 4,2 V.<\/li>\n<li>Apagar el sistema cuando la temperatura de una celda sea superior a 50\u00baC.<\/li>\n<\/ul>\n<p>Este modelo de bater\u00eda, requiere uno de los siguientes BMS:<\/p>\n<ul>\n<li><a href=\"https:\/\/www.victronenergy.com.es\/battery-management-systems\/ve-bus-bms\">Bus BMS<\/a>: recomendado para sistemas con inversores h\u00edbridos (inversor-cargador).<\/li>\n<li><a href=\"https:\/\/www.victronenergy.com.es\/battery-management-systems\/smallbms\">smallBMS<\/a>: recomendado para su uso en sistemas peque\u00f1os.<\/li>\n<li><a href=\"https:\/\/www.victronenergy.com.es\/battery-management-systems\/battery-management-system-bms-12-200\">Sistema de gesti\u00f3n de bater\u00edas BMS 12\/200<\/a>: recomendado para su uso en sistemas de automoci\u00f3n y marinos con cargas CC y alternadores.<\/li>\n<li><a href=\"https:\/\/www.victronenergy.com.es\/battery-management-systems\/smart-bms-current-limiter\">Smart BMS CL 12\/100<\/a>: recomendado para su uso en sistemas de automoci\u00f3n y marinos con cargas CC y alternadores.<\/li>\n<\/ul>\n<figure id=\"attachment_4011\" aria-describedby=\"caption-attachment-4011\" style=\"width: 300px\" class=\"wp-caption alignnone\"><img fetchpriority=\"high\" decoding=\"async\" class=\"size-medium wp-image-4011\" src=\"https:\/\/www.direnergy.net\/wp-content\/uploads\/2022\/02\/esquema-montaje-bateria-litio-12v-1-300x183.jpg\" alt=\"esquema-montaje-bateria-litio\" width=\"300\" height=\"183\" srcset=\"https:\/\/www.direnergy.net\/wp-content\/uploads\/2022\/02\/esquema-montaje-bateria-litio-12v-1-300x183.jpg 300w, https:\/\/www.direnergy.net\/wp-content\/uploads\/2022\/02\/esquema-montaje-bateria-litio-12v-1-768x468.jpg 768w, https:\/\/www.direnergy.net\/wp-content\/uploads\/2022\/02\/esquema-montaje-bateria-litio-12v-1-600x365.jpg 600w, https:\/\/www.direnergy.net\/wp-content\/uploads\/2022\/02\/esquema-montaje-bateria-litio-12v-1.jpg 903w\" sizes=\"(max-width: 300px) 100vw, 300px\" \/><figcaption id=\"caption-attachment-4011\" class=\"wp-caption-text\">Esquema montaje bater\u00eda litio.<\/figcaption><\/figure>\n<p>&nbsp;<\/p>\n<p><strong>Comunicaci\u00f3n Bluetooth<\/strong> entre la bater\u00eda y un dispositivo (pc, smartphone\u2026) para la monitorizaci\u00f3n de la bater\u00eda, as\u00ed como para la localizaci\u00f3n de problemas. Mediante la App Victron Connect (compatible con iOS y Android) podremos monitorizar:<\/p>\n<ul>\n<li>El estado de carga de la bater\u00eda en % (SoC).<\/li>\n<li>Descarga y carga de la bater\u00eda.<\/li>\n<li>Capacidad restante.<\/li>\n<li>Temperatura de la bater\u00eda.<\/li>\n<li>Numero de ciclos de carga y descarga.<\/li>\n<li>Capacidad total y capacidad restante.<\/li>\n<\/ul>\n<p>Descargar para iOS o Android<\/p>\n<p><a href=\"https:\/\/apps.apple.com\/tc\/app\/victron-p-a\/id894570656\">App Store<\/a><\/p>\n<p><a href=\"https:\/\/play.google.com\/store\/apps\/details?id=nl.victronenergy.victronstock\">Google Play<\/a><\/p>\n<ul>\n<li><a href=\"https:\/\/www.direnergy.net\/wp-content\/uploads\/2022\/02\/Datasheet-128-256-Volt-lithium-iron-phosphate-batteries-Smart-ES-2-4.pdf\" target=\"_blank\" rel=\"noopener\">Ficha de datos.<\/a><\/li>\n<li><a href=\"https:\/\/www.direnergy.net\/wp-content\/uploads\/2022\/02\/Manual_Lithium_Battery_Smart-es-4.pdf\" target=\"_blank\" rel=\"noopener\">Manual.<\/a><\/li>\n<\/ul>\n<p>PESO Y DIMENSIONES:<\/p>\n<ul>\n<li>Peso (Kg): 7 (completamente cargada).<\/li>\n<li>Dimensiones: 199 x 188 x 147 mm.<\/li>\n<\/ul>\n<p>Este producto tiene una <strong>garant\u00eda de 3 a\u00f1os<\/strong>. Esta garant\u00eda cubre los defectos de materiales y fabricaci\u00f3n de este producto durante un periodo de tres a\u00f1os a partir de la fecha de compra original. Para que la garant\u00eda tenga validez, el cliente deber\u00e1 devolver el producto en el punto de compra junto con el recibo de compra correspondiente.<\/p>\n<p>En este producto se incluye:<\/p>\n<p>\u2013 1x bater\u00eda de litio LiFePO4 Victron Smart 12,8 V 50 Ah.<\/p>\n","protected":false},"excerpt":{"rendered":"<p>Bater\u00eda de litio 12,8 V \/ 50 Ah Smart LiFePO4 de Victron. Con sistema de equilibrado de celdas (BTV). Bluetooth.<\/p>\n","protected":false},"featured_media":4002,"template":"","meta":{"ocean_post_layout":"","ocean_both_sidebars_style":"","ocean_both_sidebars_content_width":0,"ocean_both_sidebars_sidebars_width":0,"ocean_sidebar":"0","ocean_second_sidebar":"0","ocean_disable_margins":"enable","ocean_add_body_class":"","ocean_shortcode_before_top_bar":"","ocean_shortcode_after_top_bar":"","ocean_shortcode_before_header":"","ocean_shortcode_after_header":"","ocean_has_shortcode":"","ocean_shortcode_after_title":"","ocean_shortcode_before_footer_widgets":"","ocean_shortcode_after_footer_widgets":"","ocean_shortcode_before_footer_bottom":"","ocean_shortcode_after_footer_bottom":"","ocean_display_top_bar":"default","ocean_display_header":"default","ocean_header_style":"","ocean_center_header_left_menu":"0","ocean_custom_header_template":"0","ocean_custom_logo":0,"ocean_custom_retina_logo":0,"ocean_custom_logo_max_width":0,"ocean_custom_logo_tablet_max_width":0,"ocean_custom_logo_mobile_max_width":0,"ocean_custom_logo_max_height":0,"ocean_custom_logo_tablet_max_height":0,"ocean_custom_logo_mobile_max_height":0,"ocean_header_custom_menu":"0","ocean_menu_typo_font_family":"0","ocean_menu_typo_font_subset":"","ocean_menu_typo_font_size":0,"ocean_menu_typo_font_size_tablet":0,"ocean_menu_typo_font_size_mobile":0,"ocean_menu_typo_font_size_unit":"px","ocean_menu_typo_font_weight":"","ocean_menu_typo_font_weight_tablet":"","ocean_menu_typo_font_weight_mobile":"","ocean_menu_typo_transform":"","ocean_menu_typo_transform_tablet":"","ocean_menu_typo_transform_mobile":"","ocean_menu_typo_line_height":0,"ocean_menu_typo_line_height_tablet":0,"ocean_menu_typo_line_height_mobile":0,"ocean_menu_typo_line_height_unit":"","ocean_menu_typo_spacing":0,"ocean_menu_typo_spacing_tablet":0,"ocean_menu_typo_spacing_mobile":0,"ocean_menu_typo_spacing_unit":"","ocean_menu_link_color":"","ocean_menu_link_color_hover":"","ocean_menu_link_color_active":"","ocean_menu_link_background":"","ocean_menu_link_hover_background":"","ocean_menu_link_active_background":"","ocean_menu_social_links_bg":"","ocean_menu_social_hover_links_bg":"","ocean_menu_social_links_color":"","ocean_menu_social_hover_links_color":"","ocean_disable_title":"default","ocean_disable_heading":"default","ocean_post_title":"","ocean_post_subheading":"","ocean_post_title_style":"","ocean_post_title_background_color":"","ocean_post_title_background":0,"ocean_post_title_bg_image_position":"","ocean_post_title_bg_image_attachment":"","ocean_post_title_bg_image_repeat":"","ocean_post_title_bg_image_size":"","ocean_post_title_height":0,"ocean_post_title_bg_overlay":0.5,"ocean_post_title_bg_overlay_color":"","ocean_disable_breadcrumbs":"default","ocean_breadcrumbs_color":"","ocean_breadcrumbs_separator_color":"","ocean_breadcrumbs_links_color":"","ocean_breadcrumbs_links_hover_color":"","ocean_display_footer_widgets":"default","ocean_display_footer_bottom":"default","ocean_custom_footer_template":"0","_joinchat":[]},"product_cat":[84,96],"product_tag":[],"class_list":{"0":"post-3947","1":"product","2":"type-product","3":"status-publish","4":"has-post-thumbnail","6":"product_cat-baterias","7":"product_cat-litio","9":"entry","10":"has-media","12":"first","13":"instock","14":"taxable","15":"shipping-taxable","16":"purchasable","17":"product-type-simple","18":"has-product-nav","19":"col","20":"span_1_of_4","21":"owp-content-center","22":"owp-thumbs-layout-horizontal","23":"owp-btn-normal","24":"owp-tabs-layout-horizontal"},"_links":{"self":[{"href":"https:\/\/www.direnergy.net\/index.php\/wp-json\/wp\/v2\/product\/3947","targetHints":{"allow":["GET"]}}],"collection":[{"href":"https:\/\/www.direnergy.net\/index.php\/wp-json\/wp\/v2\/product"}],"about":[{"href":"https:\/\/www.direnergy.net\/index.php\/wp-json\/wp\/v2\/types\/product"}],"wp:featuredmedia":[{"embeddable":true,"href":"https:\/\/www.direnergy.net\/index.php\/wp-json\/wp\/v2\/media\/4002"}],"wp:attachment":[{"href":"https:\/\/www.direnergy.net\/index.php\/wp-json\/wp\/v2\/media?parent=3947"}],"wp:term":[{"taxonomy":"product_cat","embeddable":true,"href":"https:\/\/www.direnergy.net\/index.php\/wp-json\/wp\/v2\/product_cat?post=3947"},{"taxonomy":"product_tag","embeddable":true,"href":"https:\/\/www.direnergy.net\/index.php\/wp-json\/wp\/v2\/product_tag?post=3947"}],"curies":[{"name":"wp","href":"https:\/\/api.w.org\/{rel}","templated":true}]}}