{"id":3939,"date":"2022-02-28T15:30:54","date_gmt":"2022-02-28T14:30:54","guid":{"rendered":"https:\/\/www.direnergy.net\/?post_type=product&#038;p=3939"},"modified":"2022-08-09T13:34:40","modified_gmt":"2022-08-09T11:34:40","slug":"optimizador-tigo-ts4-a-o","status":"publish","type":"product","link":"https:\/\/www.direnergy.net\/index.php\/producto\/optimizador-tigo-ts4-a-o\/","title":{"rendered":"Optimizador de potencia Tigo TS4-A-O"},"content":{"rendered":"<p>Optimizador universal para la <strong>mejora<\/strong> en el <strong>rendimiento<\/strong> del <strong>campo fotovoltaico<\/strong>. El dispositivo <strong>se conecta de forma individual a los paneles<\/strong> con <strong>que sufren<\/strong> un <strong>bajo rendimiento<\/strong> debido a su situaci\u00f3n en la instalaci\u00f3n.<\/p>\n<p>Ayuda a evitar p\u00e9rdidas de potencia de los m\u00f3dulos solares afectados por sombras parciales a los que se conectan los optimizadores, as\u00ed como en aquellos paneles instalados en diferente orientaci\u00f3n a la de la instalaci\u00f3n inicial.<\/p>\n<p><strong>Optimizaci\u00f3n constante del MPPT<\/strong>.<\/p>\n<p>Funci\u00f3n de comunicaci\u00f3n mediante monitorizaci\u00f3n, <strong>Cloud Connect Advanced<\/strong>. \u00danicamente ser\u00eda necesario a\u00f1adir al producto un <a href=\"https:\/\/es.tigoenergy.com\/product\/tigo-access-point\">punto de acceso Tigo (TAP)<\/a>. Aun as\u00ed, sin este complemento, la instalaci\u00f3n seguir\u00e1 teniendo un rendimiento m\u00e1ximo.<\/p>\n<p><img fetchpriority=\"high\" decoding=\"async\" class=\"size-medium wp-image-3998\" src=\"https:\/\/www.direnergy.net\/wp-content\/uploads\/2022\/02\/direnergy-optimizador-tigo-ts4-a-o-500w-captura-especificaciones-300x195.png\" alt=\"optimizador-tigo-ts4-a-o-500w-captura-especificaciones\" width=\"300\" height=\"195\" srcset=\"https:\/\/www.direnergy.net\/wp-content\/uploads\/2022\/02\/direnergy-optimizador-tigo-ts4-a-o-500w-captura-especificaciones-300x195.png 300w, https:\/\/www.direnergy.net\/wp-content\/uploads\/2022\/02\/direnergy-optimizador-tigo-ts4-a-o-500w-captura-especificaciones-768x500.png 768w, https:\/\/www.direnergy.net\/wp-content\/uploads\/2022\/02\/direnergy-optimizador-tigo-ts4-a-o-500w-captura-especificaciones-600x390.png 600w, https:\/\/www.direnergy.net\/wp-content\/uploads\/2022\/02\/direnergy-optimizador-tigo-ts4-a-o-500w-captura-especificaciones.png 770w\" sizes=\"(max-width: 300px) 100vw, 300px\" \/><\/p>\n<p><iframe title=\"YouTube video player\" src=\"https:\/\/www.youtube.com\/embed\/Mj5wq5D1UD0\" width=\"560\" height=\"315\" frameborder=\"0\" allowfullscreen=\"allowfullscreen\"><\/iframe><\/p>\n<ul>\n<li><a href=\"https:\/\/www.direnergy.net\/wp-content\/uploads\/2022\/02\/direnergy-guia-instalacion-y-cloud-connect-advanced.pdf\">Ficha de datos.<\/a><\/li>\n<\/ul>\n<p>En este producto se incluye:<\/p>\n<p>\u2013 1x optimizador TS4-A-O con cable de 1,2 m.<\/p>\n","protected":false},"excerpt":{"rendered":"<p>Aumento de la producci\u00f3n de energ\u00eda con m\u00f3dulos sombreados y desajustados, de hasta 500 W.<\/p>\n","protected":false},"featured_media":4194,"template":"","meta":{"ocean_post_layout":"","ocean_both_sidebars_style":"","ocean_both_sidebars_content_width":0,"ocean_both_sidebars_sidebars_width":0,"ocean_sidebar":"0","ocean_second_sidebar":"0","ocean_disable_margins":"enable","ocean_add_body_class":"","ocean_shortcode_before_top_bar":"","ocean_shortcode_after_top_bar":"","ocean_shortcode_before_header":"","ocean_shortcode_after_header":"","ocean_has_shortcode":"","ocean_shortcode_after_title":"","ocean_shortcode_before_footer_widgets":"","ocean_shortcode_after_footer_widgets":"","ocean_shortcode_before_footer_bottom":"","ocean_shortcode_after_footer_bottom":"","ocean_display_top_bar":"default","ocean_display_header":"default","ocean_header_style":"","ocean_center_header_left_menu":"0","ocean_custom_header_template":"0","ocean_custom_logo":0,"ocean_custom_retina_logo":0,"ocean_custom_logo_max_width":0,"ocean_custom_logo_tablet_max_width":0,"ocean_custom_logo_mobile_max_width":0,"ocean_custom_logo_max_height":0,"ocean_custom_logo_tablet_max_height":0,"ocean_custom_logo_mobile_max_height":0,"ocean_header_custom_menu":"0","ocean_menu_typo_font_family":"0","ocean_menu_typo_font_subset":"","ocean_menu_typo_font_size":0,"ocean_menu_typo_font_size_tablet":0,"ocean_menu_typo_font_size_mobile":0,"ocean_menu_typo_font_size_unit":"px","ocean_menu_typo_font_weight":"","ocean_menu_typo_font_weight_tablet":"","ocean_menu_typo_font_weight_mobile":"","ocean_menu_typo_transform":"","ocean_menu_typo_transform_tablet":"","ocean_menu_typo_transform_mobile":"","ocean_menu_typo_line_height":0,"ocean_menu_typo_line_height_tablet":0,"ocean_menu_typo_line_height_mobile":0,"ocean_menu_typo_line_height_unit":"","ocean_menu_typo_spacing":0,"ocean_menu_typo_spacing_tablet":0,"ocean_menu_typo_spacing_mobile":0,"ocean_menu_typo_spacing_unit":"","ocean_menu_link_color":"","ocean_menu_link_color_hover":"","ocean_menu_link_color_active":"","ocean_menu_link_background":"","ocean_menu_link_hover_background":"","ocean_menu_link_active_background":"","ocean_menu_social_links_bg":"","ocean_menu_social_hover_links_bg":"","ocean_menu_social_links_color":"","ocean_menu_social_hover_links_color":"","ocean_disable_title":"default","ocean_disable_heading":"default","ocean_post_title":"","ocean_post_subheading":"","ocean_post_title_style":"","ocean_post_title_background_color":"","ocean_post_title_background":0,"ocean_post_title_bg_image_position":"","ocean_post_title_bg_image_attachment":"","ocean_post_title_bg_image_repeat":"","ocean_post_title_bg_image_size":"","ocean_post_title_height":0,"ocean_post_title_bg_overlay":0.5,"ocean_post_title_bg_overlay_color":"","ocean_disable_breadcrumbs":"default","ocean_breadcrumbs_color":"","ocean_breadcrumbs_separator_color":"","ocean_breadcrumbs_links_color":"","ocean_breadcrumbs_links_hover_color":"","ocean_display_footer_widgets":"default","ocean_display_footer_bottom":"default","ocean_custom_footer_template":"0","_joinchat":[]},"product_cat":[86],"product_tag":[],"class_list":{"0":"post-3939","1":"product","2":"type-product","3":"status-publish","4":"has-post-thumbnail","6":"product_cat-paneles-solares-castellon","8":"entry","9":"has-media","11":"first","12":"outofstock","13":"taxable","14":"shipping-taxable","15":"purchasable","16":"product-type-simple","17":"has-product-nav","18":"col","19":"span_1_of_4","20":"owp-content-center","21":"owp-thumbs-layout-horizontal","22":"owp-btn-normal","23":"owp-tabs-layout-horizontal","24":"has-no-thumbnails"},"_links":{"self":[{"href":"https:\/\/www.direnergy.net\/index.php\/wp-json\/wp\/v2\/product\/3939","targetHints":{"allow":["GET"]}}],"collection":[{"href":"https:\/\/www.direnergy.net\/index.php\/wp-json\/wp\/v2\/product"}],"about":[{"href":"https:\/\/www.direnergy.net\/index.php\/wp-json\/wp\/v2\/types\/product"}],"wp:featuredmedia":[{"embeddable":true,"href":"https:\/\/www.direnergy.net\/index.php\/wp-json\/wp\/v2\/media\/4194"}],"wp:attachment":[{"href":"https:\/\/www.direnergy.net\/index.php\/wp-json\/wp\/v2\/media?parent=3939"}],"wp:term":[{"taxonomy":"product_cat","embeddable":true,"href":"https:\/\/www.direnergy.net\/index.php\/wp-json\/wp\/v2\/product_cat?post=3939"},{"taxonomy":"product_tag","embeddable":true,"href":"https:\/\/www.direnergy.net\/index.php\/wp-json\/wp\/v2\/product_tag?post=3939"}],"curies":[{"name":"wp","href":"https:\/\/api.w.org\/{rel}","templated":true}]}}