{"id":3935,"date":"2022-02-28T14:25:04","date_gmt":"2022-02-28T13:25:04","guid":{"rendered":"https:\/\/www.direnergy.net\/?post_type=product&#038;p=3935"},"modified":"2022-12-15T10:20:55","modified_gmt":"2022-12-15T09:20:55","slug":"bateria-litio-pylontech-us2000c-24-kwh-48-v","status":"publish","type":"product","link":"https:\/\/www.direnergy.net\/index.php\/producto\/bateria-litio-pylontech-us2000c-24-kwh-48-v\/","title":{"rendered":"Bater\u00eda litio 48 V Pylontech US2000C 2,4 kWh"},"content":{"rendered":"<p>La bater\u00eda de litio Pylontech US2000C 2,4 kWh 48 V est\u00e1 fabricada con <strong>tecnolog\u00eda LiFePO4<\/strong> (litio-ferrofosfato). Caracter\u00edsticas t\u00e9cnicas muy atractivas y precio muy competitivo para este tipo de tecnolog\u00eda.<\/p>\n<p>Dispone <strong>de sistema de monitorizaci\u00f3n de la bater\u00eda (BMS)<\/strong>, el cual <strong>gestiona la carga<\/strong> entre varios m\u00f3dulos Pylontech conectados entre s\u00ed y <strong>protege<\/strong> frente a altas variaciones de temperatura (0 \u2013 50\u00ba). Interfaces de comunicaci\u00f3n RS232, RS485 y CAN.<\/p>\n<p>Posibilidad de conexi\u00f3n de hasta de 16 unidades en paralelo y, hasta 5 torres de 16 bater\u00edas interconectadas por un hub, llegando a una capacidad de almacenaje de 192 kWh. <strong>Formato modular para instalaci\u00f3n en un armario rack de 19\u201d<\/strong>. <strong>Posibilidad de apilamiento en Brackets Pylontech<\/strong>(hasta 6 m\u00f3dulos).<\/p>\n<p><strong>Profundidad de descarga<\/strong> (DOD) del <strong>90%<\/strong> y hasta <strong>6000 ciclos de duraci\u00f3n<\/strong>.<\/p>\n<p><strong>Bajo peso<\/strong> y volumen debido a una <strong>alta densidad energ\u00e9tica<\/strong> (<strong>2,4 kWh en tan solo 25 kg<\/strong>).<\/p>\n<p><strong>Bater\u00eda libre de mantenimiento<\/strong> (m\u00f3dulo sellado), facilitando la ubicaci\u00f3n para su instalaci\u00f3n. Se ha de evitar su instalaci\u00f3n en entornos con condiciones ambientales extremas. <strong>Vida \u00fatil estimada de m\u00e1s de 10 a\u00f1os (25\u00baC)<\/strong>.<\/p>\n<p><strong>Compatible con un gran n\u00famero de inversores<\/strong> off-grid del mercado, como Voltronic Axpert, Victron, as\u00ed como con inversores para instalaciones de autoconsumo de la marca Goodwe.<\/p>\n<p><strong>7 a\u00f1os de garant\u00eda<\/strong> (se garantiza el 70% de la energ\u00eda nominal). <strong>Extensi\u00f3n gratuita de la garant\u00eda a 10 a\u00f1os<\/strong> (se garantiza el 60% de la energ\u00eda nominal) <strong>mediante el registro<\/strong> en la <strong>pagina oficial de Pylontech<\/strong> y introduciendo en numero de serie de la bater\u00eda. La garant\u00eda de las bater\u00edas cuenta desde la fecha de la instalaci\u00f3n de la bater\u00eda o hasta 6 meses despu\u00e9s de su fabricaci\u00f3n. La garant\u00eda puede no ser valida si se instalan las bater\u00edas Pylontech junto con inversores no testados por la marca.<\/p>\n<ul>\n<li><span style=\"color: #3089e9;\"><a style=\"color: #3089e9;\" href=\"https:\/\/www.direnergy.net\/wp-content\/uploads\/2022\/02\/Ficha_tecnica_Pyl_US2000C.pdf\" target=\"_blank\" rel=\"noopener\">Ficha de datos<span style=\"color: #000000;\">.<\/span><\/a><\/span><\/li>\n<li><span style=\"color: #3089e9;\"><a style=\"color: #3089e9;\" href=\"https:\/\/www.direnergy.net\/wp-content\/uploads\/2022\/02\/US2000C-Manual.pdf\">Manual de usuario<span style=\"color: #000000;\">.<\/span><\/a><\/span><\/li>\n<\/ul>\n<p>En este producto se incluye:<\/p>\n<p>\u2013 1x m\u00f3dulo almacenamiento US2000C.<\/p>\n<p>\u2013 2x conductores de conexi\u00f3n 25 mm\u00b2.<\/p>\n<p>\u2013 1x\u00a0cable de comunicaci\u00f3n RJ45.<\/p>\n<p>\u2013 1x\u00a0cable de puesta a tierra 6 mm\u00b2.<\/p>\n","protected":false},"excerpt":{"rendered":"<p>Bater\u00eda de litio Pylontech US2000C 2,4 kWh 48 V (LiFePO4) con profundidad de descarga del 90%. Posibilidad de conexi\u00f3n en paralelo.<\/p>\n","protected":false},"featured_media":5435,"template":"","meta":{"ocean_post_layout":"","ocean_both_sidebars_style":"","ocean_both_sidebars_content_width":0,"ocean_both_sidebars_sidebars_width":0,"ocean_sidebar":"0","ocean_second_sidebar":"0","ocean_disable_margins":"enable","ocean_add_body_class":"","ocean_shortcode_before_top_bar":"","ocean_shortcode_after_top_bar":"","ocean_shortcode_before_header":"","ocean_shortcode_after_header":"","ocean_has_shortcode":"","ocean_shortcode_after_title":"","ocean_shortcode_before_footer_widgets":"","ocean_shortcode_after_footer_widgets":"","ocean_shortcode_before_footer_bottom":"","ocean_shortcode_after_footer_bottom":"","ocean_display_top_bar":"default","ocean_display_header":"default","ocean_header_style":"","ocean_center_header_left_menu":"0","ocean_custom_header_template":"0","ocean_custom_logo":0,"ocean_custom_retina_logo":0,"ocean_custom_logo_max_width":0,"ocean_custom_logo_tablet_max_width":0,"ocean_custom_logo_mobile_max_width":0,"ocean_custom_logo_max_height":0,"ocean_custom_logo_tablet_max_height":0,"ocean_custom_logo_mobile_max_height":0,"ocean_header_custom_menu":"0","ocean_menu_typo_font_family":"0","ocean_menu_typo_font_subset":"","ocean_menu_typo_font_size":0,"ocean_menu_typo_font_size_tablet":0,"ocean_menu_typo_font_size_mobile":0,"ocean_menu_typo_font_size_unit":"px","ocean_menu_typo_font_weight":"","ocean_menu_typo_font_weight_tablet":"","ocean_menu_typo_font_weight_mobile":"","ocean_menu_typo_transform":"","ocean_menu_typo_transform_tablet":"","ocean_menu_typo_transform_mobile":"","ocean_menu_typo_line_height":0,"ocean_menu_typo_line_height_tablet":0,"ocean_menu_typo_line_height_mobile":0,"ocean_menu_typo_line_height_unit":"","ocean_menu_typo_spacing":0,"ocean_menu_typo_spacing_tablet":0,"ocean_menu_typo_spacing_mobile":0,"ocean_menu_typo_spacing_unit":"","ocean_menu_link_color":"","ocean_menu_link_color_hover":"","ocean_menu_link_color_active":"","ocean_menu_link_background":"","ocean_menu_link_hover_background":"","ocean_menu_link_active_background":"","ocean_menu_social_links_bg":"","ocean_menu_social_hover_links_bg":"","ocean_menu_social_links_color":"","ocean_menu_social_hover_links_color":"","ocean_disable_title":"default","ocean_disable_heading":"default","ocean_post_title":"","ocean_post_subheading":"","ocean_post_title_style":"","ocean_post_title_background_color":"","ocean_post_title_background":0,"ocean_post_title_bg_image_position":"","ocean_post_title_bg_image_attachment":"","ocean_post_title_bg_image_repeat":"","ocean_post_title_bg_image_size":"","ocean_post_title_height":0,"ocean_post_title_bg_overlay":0.5,"ocean_post_title_bg_overlay_color":"","ocean_disable_breadcrumbs":"default","ocean_breadcrumbs_color":"","ocean_breadcrumbs_separator_color":"","ocean_breadcrumbs_links_color":"","ocean_breadcrumbs_links_hover_color":"","ocean_display_footer_widgets":"default","ocean_display_footer_bottom":"default","ocean_custom_footer_template":"0","_joinchat":[]},"product_cat":[84,96],"product_tag":[],"class_list":{"0":"post-3935","1":"product","2":"type-product","3":"status-publish","4":"has-post-thumbnail","6":"product_cat-baterias","7":"product_cat-litio","9":"entry","10":"has-media","12":"first","13":"outofstock","14":"taxable","15":"shipping-taxable","16":"purchasable","17":"product-type-simple","18":"has-product-nav","19":"col","20":"span_1_of_4","21":"owp-content-center","22":"owp-thumbs-layout-horizontal","23":"owp-btn-normal","24":"owp-tabs-layout-horizontal"},"_links":{"self":[{"href":"https:\/\/www.direnergy.net\/index.php\/wp-json\/wp\/v2\/product\/3935","targetHints":{"allow":["GET"]}}],"collection":[{"href":"https:\/\/www.direnergy.net\/index.php\/wp-json\/wp\/v2\/product"}],"about":[{"href":"https:\/\/www.direnergy.net\/index.php\/wp-json\/wp\/v2\/types\/product"}],"wp:featuredmedia":[{"embeddable":true,"href":"https:\/\/www.direnergy.net\/index.php\/wp-json\/wp\/v2\/media\/5435"}],"wp:attachment":[{"href":"https:\/\/www.direnergy.net\/index.php\/wp-json\/wp\/v2\/media?parent=3935"}],"wp:term":[{"taxonomy":"product_cat","embeddable":true,"href":"https:\/\/www.direnergy.net\/index.php\/wp-json\/wp\/v2\/product_cat?post=3935"},{"taxonomy":"product_tag","embeddable":true,"href":"https:\/\/www.direnergy.net\/index.php\/wp-json\/wp\/v2\/product_tag?post=3935"}],"curies":[{"name":"wp","href":"https:\/\/api.w.org\/{rel}","templated":true}]}}