{"id":3934,"date":"2022-02-28T14:26:10","date_gmt":"2022-02-28T13:26:10","guid":{"rendered":"https:\/\/www.direnergy.net\/?post_type=product&#038;p=3934"},"modified":"2022-04-13T13:50:51","modified_gmt":"2022-04-13T11:50:51","slug":"cargador-coche-electrico-monofasico-orbis-viaris-uni","status":"publish","type":"product","link":"https:\/\/www.direnergy.net\/index.php\/producto\/cargador-coche-electrico-monofasico-orbis-viaris-uni\/","title":{"rendered":"Cargador coche el\u00e9ctrico monof\u00e1sico Orbis Viaris Uni"},"content":{"rendered":"<p>El <strong>cargador<\/strong> <strong>inteligente<\/strong> Orbis Viaris Uni monof\u00e1sico es <strong>compatible con todo tipo de veh\u00edculos<\/strong> <strong>el\u00e9ctricos<\/strong> (coches, coches h\u00edbridos enchufables, motos o bicicletas).<\/p>\n<p>Cuenta con un sugerente dise\u00f1o. De f\u00e1cil utilizaci\u00f3n e instalaci\u00f3n en garajes residenciales y del sector terciario. Los <strong>cargadores Orbis no necesitan ning\u00fan pago mensual<\/strong> para aprovechar todas sus funciones, otros equipos de la competencia requieren de suscripciones mensuales. Adem\u00e1s, las <strong>actualizaciones de software <\/strong>son <strong>gratuitas<\/strong>.<\/p>\n<p>Integra un <strong>modulador de carga<\/strong>. Este dispositivo <strong>monitoriza el consumo de la vivienda<\/strong> gracias al vat\u00edmetro que incluye, para as\u00ed, <strong>ajustar autom\u00e1ticamente<\/strong> la <strong>potencia de carga<\/strong> del veh\u00edculo <strong>sin sobrepasar<\/strong> la <strong>potencia<\/strong> el\u00e9ctrica <strong>contratada<\/strong>.<\/p>\n<p>Cable de conexi\u00f3n (manguera) de 5 metros, con conector Tipo 2 seg\u00fan EN 62196. Tambi\u00e9n est\u00e1 disponible con cable de conexi\u00f3n y conector tipo 1.<\/p>\n<p><strong>Modo de carga 3<\/strong>. Carga semi-r\u00e1pida. El cargador utiliza entre 16 y 32 A (hasta 7,4 kW). Es el <strong>\u00fanico modo de recarga compatible con todos veh\u00edculos 100% el\u00e9ctricos o h\u00edbridos enchufables<\/strong>. En <span style=\"color: #3089e9;\"><a style=\"color: #3089e9;\" href=\"https:\/\/www.direnergy.net\/index.php\/blog\/cargador-coche-electrico-tipos-modelos-caracteristicas\/\">este art\u00edculo<\/a> <\/span>podr\u00e1n encontrar m\u00e1s informaci\u00f3n sobre tipos de cargadores de veh\u00edculos el\u00e9ctricos<\/p>\n<p><strong>Comunicaci\u00f3n Wi-Fi<\/strong>. Posibilidad de monitorizar, desde el tel\u00e9fono m\u00f3vil podemos visualizar el estado, descargar los hist\u00f3ricos de consumo del cargador y la vivienda y actuar sobre el cargador. Con la App Viaris, recibiremos notificaciones de monitorizaci\u00f3n en nuestro smartphone. La <strong>actualizaci\u00f3n<\/strong> del <strong>firmware<\/strong> se realiza de manera <strong>remota<\/strong>.<\/p>\n<p>Display LED para la se\u00f1alizaci\u00f3n del estado del VIARIS UNI y de la carga del veh\u00edculo.<\/p>\n<p><strong>Protocolo de comunicaci\u00f3n est\u00e1ndar MQTT<\/strong>, para almacenamiento de los datos en la nube, permitiendo as\u00ed el control y la visualizaci\u00f3n remota. Sensor t\u00e1ctil de activaci\u00f3n\/desactivaci\u00f3n de carga o RFID.<\/p>\n<p>Grado de protecci\u00f3n mec\u00e1nica de alta resistencia a los impactos y elevada temperatura de deformaci\u00f3n (IK10). Grado II de protecci\u00f3n envolvente e \u00edndice de protecci\u00f3n IP54.<\/p>\n<p><strong>Detector de corrientes de fuga<\/strong>.<\/p>\n<p>&#8211;\u00a0 Complementos\/accesorios para el modelo b\u00e1sico seleccionado:<\/p>\n<ul>\n<li>Salida adicional mediante base de toma de corriente tipo Schuko.<\/li>\n<li>Medidor de energ\u00eda con certificaci\u00f3n MID y homologado para gestionar los gastos de utilizaci\u00f3n.<\/li>\n<li>Comunicaci\u00f3n Ethernet.<\/li>\n<li>Tarjeta RFID (5 unidades).<\/li>\n<\/ul>\n<p>&nbsp;<\/p>\n<ul>\n<li><span style=\"color: #3089e9;\"><a style=\"color: #3089e9;\" href=\"https:\/\/www.direnergy.net\/wp-content\/uploads\/2022\/02\/FT_VIARIS_UNI_230_V.pdf\" target=\"_blank\" rel=\"noopener\">Ficha de datos.<\/a><\/span><\/li>\n<li><span style=\"color: #3089e9;\"><a style=\"color: #3089e9;\" href=\"https:\/\/www.direnergy.net\/wp-content\/uploads\/2022\/02\/manual_usuario_ins_VIARIS_UNI.pdf\" target=\"_blank\" rel=\"noopener\">Manual.<\/a><\/span><\/li>\n<li><span style=\"color: #3089e9;\"><a style=\"color: #3089e9;\" href=\"https:\/\/www.direnergy.net\/wp-content\/uploads\/2022\/02\/Ins_web_app_VIARIS.pdf\">Manual de configuraci\u00f3n web y app.<\/a><\/span><\/li>\n<li><span style=\"color: #3089e9;\"><a style=\"color: #3089e9;\" href=\"https:\/\/www.direnergy.net\/wp-content\/uploads\/2022\/02\/e-Manual_VIARIS_SOLAR_ltb.pdf\">Nuevas funcionalidades<\/a>.<\/span><\/li>\n<\/ul>\n<p>Orbis ofrece <strong>3 a\u00f1os de garant\u00eda<\/strong> en todos sus productos.<\/p>\n<p>En este producto se incluye:<\/p>\n<p>\u2013 1x cargador Orbis Viaris Uni. Modelo: OB94U220HA1.<\/p>\n<p>\u2013 1x cable de conexi\u00f3n (manguera) de 5 metros. Conector Tipo 2.<\/p>\n<p>\u2013 1x vat\u00edmetro para la monitorizaci\u00f3n de los consumos.<\/p>\n","protected":false},"excerpt":{"rendered":"<p>Punto de recarga monof\u00e1sico inteligente para todo tipo de veh\u00edculos el\u00e9ctricos. La mejor soluci\u00f3n de recarga a un precio competitivo.<\/p>\n","protected":false},"featured_media":4044,"template":"","meta":{"ocean_post_layout":"","ocean_both_sidebars_style":"","ocean_both_sidebars_content_width":0,"ocean_both_sidebars_sidebars_width":0,"ocean_sidebar":"0","ocean_second_sidebar":"0","ocean_disable_margins":"enable","ocean_add_body_class":"","ocean_shortcode_before_top_bar":"","ocean_shortcode_after_top_bar":"","ocean_shortcode_before_header":"","ocean_shortcode_after_header":"","ocean_has_shortcode":"","ocean_shortcode_after_title":"","ocean_shortcode_before_footer_widgets":"","ocean_shortcode_after_footer_widgets":"","ocean_shortcode_before_footer_bottom":"","ocean_shortcode_after_footer_bottom":"","ocean_display_top_bar":"default","ocean_display_header":"default","ocean_header_style":"","ocean_center_header_left_menu":"0","ocean_custom_header_template":"0","ocean_custom_logo":0,"ocean_custom_retina_logo":0,"ocean_custom_logo_max_width":0,"ocean_custom_logo_tablet_max_width":0,"ocean_custom_logo_mobile_max_width":0,"ocean_custom_logo_max_height":0,"ocean_custom_logo_tablet_max_height":0,"ocean_custom_logo_mobile_max_height":0,"ocean_header_custom_menu":"0","ocean_menu_typo_font_family":"0","ocean_menu_typo_font_subset":"","ocean_menu_typo_font_size":0,"ocean_menu_typo_font_size_tablet":0,"ocean_menu_typo_font_size_mobile":0,"ocean_menu_typo_font_size_unit":"px","ocean_menu_typo_font_weight":"","ocean_menu_typo_font_weight_tablet":"","ocean_menu_typo_font_weight_mobile":"","ocean_menu_typo_transform":"","ocean_menu_typo_transform_tablet":"","ocean_menu_typo_transform_mobile":"","ocean_menu_typo_line_height":0,"ocean_menu_typo_line_height_tablet":0,"ocean_menu_typo_line_height_mobile":0,"ocean_menu_typo_line_height_unit":"","ocean_menu_typo_spacing":0,"ocean_menu_typo_spacing_tablet":0,"ocean_menu_typo_spacing_mobile":0,"ocean_menu_typo_spacing_unit":"","ocean_menu_link_color":"","ocean_menu_link_color_hover":"","ocean_menu_link_color_active":"","ocean_menu_link_background":"","ocean_menu_link_hover_background":"","ocean_menu_link_active_background":"","ocean_menu_social_links_bg":"","ocean_menu_social_hover_links_bg":"","ocean_menu_social_links_color":"","ocean_menu_social_hover_links_color":"","ocean_disable_title":"default","ocean_disable_heading":"default","ocean_post_title":"","ocean_post_subheading":"","ocean_post_title_style":"","ocean_post_title_background_color":"","ocean_post_title_background":0,"ocean_post_title_bg_image_position":"","ocean_post_title_bg_image_attachment":"","ocean_post_title_bg_image_repeat":"","ocean_post_title_bg_image_size":"","ocean_post_title_height":0,"ocean_post_title_bg_overlay":0.5,"ocean_post_title_bg_overlay_color":"","ocean_disable_breadcrumbs":"default","ocean_breadcrumbs_color":"","ocean_breadcrumbs_separator_color":"","ocean_breadcrumbs_links_color":"","ocean_breadcrumbs_links_hover_color":"","ocean_display_footer_widgets":"default","ocean_display_footer_bottom":"default","ocean_custom_footer_template":"0","_joinchat":[]},"product_cat":[114],"product_tag":[],"class_list":{"0":"post-3934","1":"product","2":"type-product","3":"status-publish","4":"has-post-thumbnail","6":"product_cat-cargador-coche-electrico-castellon","8":"entry","9":"has-media","11":"first","12":"instock","13":"taxable","14":"shipping-taxable","15":"purchasable","16":"product-type-simple","17":"has-product-nav","18":"col","19":"span_1_of_4","20":"owp-content-center","21":"owp-thumbs-layout-horizontal","22":"owp-btn-normal","23":"owp-tabs-layout-horizontal","24":"has-no-thumbnails"},"_links":{"self":[{"href":"https:\/\/www.direnergy.net\/index.php\/wp-json\/wp\/v2\/product\/3934","targetHints":{"allow":["GET"]}}],"collection":[{"href":"https:\/\/www.direnergy.net\/index.php\/wp-json\/wp\/v2\/product"}],"about":[{"href":"https:\/\/www.direnergy.net\/index.php\/wp-json\/wp\/v2\/types\/product"}],"wp:featuredmedia":[{"embeddable":true,"href":"https:\/\/www.direnergy.net\/index.php\/wp-json\/wp\/v2\/media\/4044"}],"wp:attachment":[{"href":"https:\/\/www.direnergy.net\/index.php\/wp-json\/wp\/v2\/media?parent=3934"}],"wp:term":[{"taxonomy":"product_cat","embeddable":true,"href":"https:\/\/www.direnergy.net\/index.php\/wp-json\/wp\/v2\/product_cat?post=3934"},{"taxonomy":"product_tag","embeddable":true,"href":"https:\/\/www.direnergy.net\/index.php\/wp-json\/wp\/v2\/product_tag?post=3934"}],"curies":[{"name":"wp","href":"https:\/\/api.w.org\/{rel}","templated":true}]}}