{"id":2531,"date":"2021-01-15T17:18:38","date_gmt":"2021-01-15T16:18:38","guid":{"rendered":"https:\/\/www.direnergy.net\/?post_type=product&#038;p=2531"},"modified":"2021-05-26T11:11:55","modified_gmt":"2021-05-26T09:11:55","slug":"bateria-ultracell-gel-12v-200ah-c10","status":"publish","type":"product","link":"https:\/\/www.direnergy.net\/index.php\/producto\/bateria-ultracell-gel-12v-200ah-c10\/","title":{"rendered":"Bater\u00eda Ultracell gel 12V 200Ah (C10)"},"content":{"rendered":"<p>La bater\u00eda de gel Ultracell UCG200-12 es una bater\u00eda sellada monoblock de <strong>12V 200Ah (C10)\/230Ah (C100)<\/strong> que <strong>no requiere mantenimiento<\/strong>, <strong>ni cargas de ecualizaci\u00f3n<\/strong> y <strong>no emite gases<\/strong>. Se recomienda emplear una <strong>profundidad de descarga del 30%<\/strong> para maximiziar su vida \u00fatil (+3000 ciclos). Estas bater\u00edas <strong>no se pueden conectar en paralelo<\/strong> ya que pierden la garant\u00eda.<\/p>\n<p>&#8211; <a href=\"https:\/\/www.direnergy.net\/wp-content\/uploads\/2021\/01\/Ficha-datos-Ultracell-UCG200-12.pdf\">Ficha de datos.<\/a><\/p>\n<p>Las bater\u00edas de gel Ultracell disponen del marcaje CE. La <strong>garant\u00eda es de 2 a\u00f1os.<\/strong><\/p>\n<p>En este producto se incluye:<\/p>\n<p>&#8211; 1x Bater\u00eda Ultracell UCG200-12.<\/p>\n","protected":false},"excerpt":{"rendered":"<p>La bater\u00eda de gel Ultracell UCG200-12 es una bater\u00eda sellada monoblock de <strong>12V 200Ah (C10)\/230Ah (C100) <\/strong>de<strong> larga vida \u00fatil <\/strong>(+3000 ciclos) que <strong>no requiere mantenimiento<\/strong>, <strong>ni cargas de ecualizaci\u00f3n<\/strong> y <strong>no emite gases<\/strong>.<\/p>\n","protected":false},"featured_media":2521,"template":"","meta":{"ocean_post_layout":"","ocean_both_sidebars_style":"","ocean_both_sidebars_content_width":0,"ocean_both_sidebars_sidebars_width":0,"ocean_sidebar":"0","ocean_second_sidebar":"0","ocean_disable_margins":"enable","ocean_add_body_class":"","ocean_shortcode_before_top_bar":"","ocean_shortcode_after_top_bar":"","ocean_shortcode_before_header":"","ocean_shortcode_after_header":"","ocean_has_shortcode":"","ocean_shortcode_after_title":"","ocean_shortcode_before_footer_widgets":"","ocean_shortcode_after_footer_widgets":"","ocean_shortcode_before_footer_bottom":"","ocean_shortcode_after_footer_bottom":"","ocean_display_top_bar":"default","ocean_display_header":"default","ocean_header_style":"","ocean_center_header_left_menu":"0","ocean_custom_header_template":"0","ocean_custom_logo":0,"ocean_custom_retina_logo":0,"ocean_custom_logo_max_width":0,"ocean_custom_logo_tablet_max_width":0,"ocean_custom_logo_mobile_max_width":0,"ocean_custom_logo_max_height":0,"ocean_custom_logo_tablet_max_height":0,"ocean_custom_logo_mobile_max_height":0,"ocean_header_custom_menu":"0","ocean_menu_typo_font_family":"0","ocean_menu_typo_font_subset":"","ocean_menu_typo_font_size":0,"ocean_menu_typo_font_size_tablet":0,"ocean_menu_typo_font_size_mobile":0,"ocean_menu_typo_font_size_unit":"px","ocean_menu_typo_font_weight":"","ocean_menu_typo_font_weight_tablet":"","ocean_menu_typo_font_weight_mobile":"","ocean_menu_typo_transform":"","ocean_menu_typo_transform_tablet":"","ocean_menu_typo_transform_mobile":"","ocean_menu_typo_line_height":0,"ocean_menu_typo_line_height_tablet":0,"ocean_menu_typo_line_height_mobile":0,"ocean_menu_typo_line_height_unit":"","ocean_menu_typo_spacing":0,"ocean_menu_typo_spacing_tablet":0,"ocean_menu_typo_spacing_mobile":0,"ocean_menu_typo_spacing_unit":"","ocean_menu_link_color":"","ocean_menu_link_color_hover":"","ocean_menu_link_color_active":"","ocean_menu_link_background":"","ocean_menu_link_hover_background":"","ocean_menu_link_active_background":"","ocean_menu_social_links_bg":"","ocean_menu_social_hover_links_bg":"","ocean_menu_social_links_color":"","ocean_menu_social_hover_links_color":"","ocean_disable_title":"default","ocean_disable_heading":"default","ocean_post_title":"","ocean_post_subheading":"","ocean_post_title_style":"","ocean_post_title_background_color":"","ocean_post_title_background":0,"ocean_post_title_bg_image_position":"","ocean_post_title_bg_image_attachment":"","ocean_post_title_bg_image_repeat":"","ocean_post_title_bg_image_size":"","ocean_post_title_height":0,"ocean_post_title_bg_overlay":0.5,"ocean_post_title_bg_overlay_color":"","ocean_disable_breadcrumbs":"default","ocean_breadcrumbs_color":"","ocean_breadcrumbs_separator_color":"","ocean_breadcrumbs_links_color":"","ocean_breadcrumbs_links_hover_color":"","ocean_display_footer_widgets":"default","ocean_display_footer_bottom":"default","ocean_custom_footer_template":"0","_joinchat":[]},"product_cat":[84,95],"product_tag":[],"class_list":{"0":"post-2531","1":"product","2":"type-product","3":"status-publish","4":"has-post-thumbnail","6":"product_cat-baterias","7":"product_cat-baterias-gel-agm-castellon","9":"entry","10":"has-media","12":"first","13":"outofstock","14":"taxable","15":"shipping-taxable","16":"purchasable","17":"product-type-simple","18":"has-product-nav","19":"col","20":"span_1_of_4","21":"owp-content-center","22":"owp-thumbs-layout-horizontal","23":"owp-btn-normal","24":"owp-tabs-layout-horizontal","25":"has-no-thumbnails"},"_links":{"self":[{"href":"https:\/\/www.direnergy.net\/index.php\/wp-json\/wp\/v2\/product\/2531","targetHints":{"allow":["GET"]}}],"collection":[{"href":"https:\/\/www.direnergy.net\/index.php\/wp-json\/wp\/v2\/product"}],"about":[{"href":"https:\/\/www.direnergy.net\/index.php\/wp-json\/wp\/v2\/types\/product"}],"wp:featuredmedia":[{"embeddable":true,"href":"https:\/\/www.direnergy.net\/index.php\/wp-json\/wp\/v2\/media\/2521"}],"wp:attachment":[{"href":"https:\/\/www.direnergy.net\/index.php\/wp-json\/wp\/v2\/media?parent=2531"}],"wp:term":[{"taxonomy":"product_cat","embeddable":true,"href":"https:\/\/www.direnergy.net\/index.php\/wp-json\/wp\/v2\/product_cat?post=2531"},{"taxonomy":"product_tag","embeddable":true,"href":"https:\/\/www.direnergy.net\/index.php\/wp-json\/wp\/v2\/product_tag?post=2531"}],"curies":[{"name":"wp","href":"https:\/\/api.w.org\/{rel}","templated":true}]}}