{"id":2491,"date":"2021-01-14T10:20:19","date_gmt":"2021-01-14T09:20:19","guid":{"rendered":"https:\/\/www.direnergy.net\/?post_type=product&#038;p=2491"},"modified":"2021-05-25T09:29:23","modified_gmt":"2021-05-25T07:29:23","slug":"inversor-axpert-hibrido-monofasico-1kw","status":"publish","type":"product","link":"https:\/\/www.direnergy.net\/index.php\/producto\/inversor-axpert-hibrido-monofasico-1kw\/","title":{"rendered":"Inversor Axpert h\u00edbrido monof\u00e1sico 1kW (12V)"},"content":{"rendered":"<p>El inversor Axpert KS 1K de 1000W es un <strong>inversor solar h\u00edbrido monof\u00e1sico<\/strong> para instalaciones fotovoltaicas <strong>aisladas<\/strong> o con <strong>conexi\u00f3n a red<\/strong> y <strong>1 PWM<\/strong>. Funciona con <strong>placas solares de 12V <\/strong>y<strong> bater\u00edas de 12V, <\/strong>adem\u00e1s su salida es <strong>corriente alterna de 230V<\/strong>, esto a\u00f1adido a su peque\u00f1o tama\u00f1o lo hace <strong>ideal para caravanas, furgonetas, embarcaciones o peque\u00f1as instalaciones aisladas.<\/strong><\/p>\n<p>&#8211; <a href=\"https:\/\/www.direnergy.net\/wp-content\/uploads\/2021\/01\/Ficha-de-datos-Axpert-KS.pdf\">Ficha de datos.<\/a><\/p>\n<p>&#8211; <a href=\"https:\/\/www.direnergy.net\/wp-content\/uploads\/2021\/01\/Manual-Axpert-KS.pdf\">Manual.<\/a><\/p>\n<p>La <strong>garant\u00eda es de 2 a\u00f1os<\/strong>.<\/p>\n<p>En este producto se incluye:<\/p>\n<p>&#8211; 1x Inversor Axpert KS 1K.<\/p>\n","protected":false},"excerpt":{"rendered":"<p>El inversor Axpert KS 1K de 1000W es un <strong>inversor\u00a0<\/strong><strong>h\u00edbrido monof\u00e1sico<\/strong> para instalaciones fotovoltaicas de <strong>12V<\/strong> <strong>aisladas<\/strong> o con <strong>conexi\u00f3n a red<\/strong> y <strong>1 PWM<\/strong>. Suministra <strong>corriente alterna a 230V<\/strong> por lo que es ideal para <strong>caravanas<\/strong> o <strong>peque\u00f1as instalaciones aisladas<\/strong>.<\/p>\n","protected":false},"featured_media":2496,"template":"","meta":{"ocean_post_layout":"","ocean_both_sidebars_style":"","ocean_both_sidebars_content_width":0,"ocean_both_sidebars_sidebars_width":0,"ocean_sidebar":"0","ocean_second_sidebar":"0","ocean_disable_margins":"enable","ocean_add_body_class":"","ocean_shortcode_before_top_bar":"","ocean_shortcode_after_top_bar":"","ocean_shortcode_before_header":"","ocean_shortcode_after_header":"","ocean_has_shortcode":"","ocean_shortcode_after_title":"","ocean_shortcode_before_footer_widgets":"","ocean_shortcode_after_footer_widgets":"","ocean_shortcode_before_footer_bottom":"","ocean_shortcode_after_footer_bottom":"","ocean_display_top_bar":"default","ocean_display_header":"default","ocean_header_style":"","ocean_center_header_left_menu":"0","ocean_custom_header_template":"0","ocean_custom_logo":0,"ocean_custom_retina_logo":0,"ocean_custom_logo_max_width":0,"ocean_custom_logo_tablet_max_width":0,"ocean_custom_logo_mobile_max_width":0,"ocean_custom_logo_max_height":0,"ocean_custom_logo_tablet_max_height":0,"ocean_custom_logo_mobile_max_height":0,"ocean_header_custom_menu":"0","ocean_menu_typo_font_family":"0","ocean_menu_typo_font_subset":"","ocean_menu_typo_font_size":0,"ocean_menu_typo_font_size_tablet":0,"ocean_menu_typo_font_size_mobile":0,"ocean_menu_typo_font_size_unit":"px","ocean_menu_typo_font_weight":"","ocean_menu_typo_font_weight_tablet":"","ocean_menu_typo_font_weight_mobile":"","ocean_menu_typo_transform":"","ocean_menu_typo_transform_tablet":"","ocean_menu_typo_transform_mobile":"","ocean_menu_typo_line_height":0,"ocean_menu_typo_line_height_tablet":0,"ocean_menu_typo_line_height_mobile":0,"ocean_menu_typo_line_height_unit":"","ocean_menu_typo_spacing":0,"ocean_menu_typo_spacing_tablet":0,"ocean_menu_typo_spacing_mobile":0,"ocean_menu_typo_spacing_unit":"","ocean_menu_link_color":"","ocean_menu_link_color_hover":"","ocean_menu_link_color_active":"","ocean_menu_link_background":"","ocean_menu_link_hover_background":"","ocean_menu_link_active_background":"","ocean_menu_social_links_bg":"","ocean_menu_social_hover_links_bg":"","ocean_menu_social_links_color":"","ocean_menu_social_hover_links_color":"","ocean_disable_title":"default","ocean_disable_heading":"default","ocean_post_title":"","ocean_post_subheading":"","ocean_post_title_style":"","ocean_post_title_background_color":"","ocean_post_title_background":0,"ocean_post_title_bg_image_position":"","ocean_post_title_bg_image_attachment":"","ocean_post_title_bg_image_repeat":"","ocean_post_title_bg_image_size":"","ocean_post_title_height":0,"ocean_post_title_bg_overlay":0.5,"ocean_post_title_bg_overlay_color":"","ocean_disable_breadcrumbs":"default","ocean_breadcrumbs_color":"","ocean_breadcrumbs_separator_color":"","ocean_breadcrumbs_links_color":"","ocean_breadcrumbs_links_hover_color":"","ocean_display_footer_widgets":"default","ocean_display_footer_bottom":"default","ocean_custom_footer_template":"0","_joinchat":[]},"product_cat":[91,85,92],"product_tag":[],"class_list":{"0":"post-2491","1":"product","2":"type-product","3":"status-publish","4":"has-post-thumbnail","6":"product_cat-hibridos","7":"product_cat-inversores","8":"product_cat-monofasicos-hibridos","10":"entry","11":"has-media","13":"first","14":"outofstock","15":"taxable","16":"shipping-taxable","17":"purchasable","18":"product-type-simple","19":"has-product-nav","20":"col","21":"span_1_of_4","22":"owp-content-center","23":"owp-thumbs-layout-horizontal","24":"owp-btn-normal","25":"owp-tabs-layout-horizontal"},"_links":{"self":[{"href":"https:\/\/www.direnergy.net\/index.php\/wp-json\/wp\/v2\/product\/2491","targetHints":{"allow":["GET"]}}],"collection":[{"href":"https:\/\/www.direnergy.net\/index.php\/wp-json\/wp\/v2\/product"}],"about":[{"href":"https:\/\/www.direnergy.net\/index.php\/wp-json\/wp\/v2\/types\/product"}],"wp:featuredmedia":[{"embeddable":true,"href":"https:\/\/www.direnergy.net\/index.php\/wp-json\/wp\/v2\/media\/2496"}],"wp:attachment":[{"href":"https:\/\/www.direnergy.net\/index.php\/wp-json\/wp\/v2\/media?parent=2491"}],"wp:term":[{"taxonomy":"product_cat","embeddable":true,"href":"https:\/\/www.direnergy.net\/index.php\/wp-json\/wp\/v2\/product_cat?post=2491"},{"taxonomy":"product_tag","embeddable":true,"href":"https:\/\/www.direnergy.net\/index.php\/wp-json\/wp\/v2\/product_tag?post=2491"}],"curies":[{"name":"wp","href":"https:\/\/api.w.org\/{rel}","templated":true}]}}