{"id":2234,"date":"2020-12-14T17:26:05","date_gmt":"2020-12-14T16:26:05","guid":{"rendered":"https:\/\/www.direnergy.net\/?post_type=product&#038;p=2234"},"modified":"2022-09-22T10:47:22","modified_gmt":"2022-09-22T08:47:22","slug":"inversor-huawei-trifasico-20-kw-3","status":"publish","type":"product","link":"https:\/\/www.direnergy.net\/index.php\/producto\/inversor-huawei-trifasico-20-kw-3\/","title":{"rendered":"Inversor Huawei trif\u00e1sico 20kW"},"content":{"rendered":"<p>El inversor Huawei SUN2000-20KTL-M0 de 20.000W es un <strong>inversor solar trif\u00e1sico<\/strong> para instalaciones fotovoltaicas con <strong>conexi\u00f3n a red<\/strong> y <strong>2MPPT<\/strong>. Permite la <strong>monitorizaci\u00f3n web<\/strong> mediante Wifi (incluido), LAN o GPRS para consultar el estado de la instalaci\u00f3n solar desde el PC o la aplicaci\u00f3n m\u00f3vil FusionSolar (<span style=\"color: #3089e9;\"><a style=\"color: #3089e9;\" href=\"https:\/\/play.google.com\/store\/apps\/details?id=com.huawei.solarsafe&amp;hl=es_419&amp;gl=US\">Android<\/a><\/span> o <span style=\"color: #3089e9;\"><a style=\"color: #3089e9;\" href=\"https:\/\/apps.apple.com\/es\/app\/fusionsolar\/id1409567438\">iPhone<\/a><\/span>).<\/p>\n<p>&#8211; <span style=\"color: #3089e9;\"><a style=\"color: #3089e9;\" href=\"https:\/\/www.direnergy.net\/wp-content\/uploads\/2020\/12\/ficha-datos-huawei-sun2000-12KTL-20KTL-m0.pdf\">Ficha de datos.<\/a><\/span><\/p>\n<p>&#8211; <span style=\"color: #3089e9;\"><a style=\"color: #3089e9;\" href=\"https:\/\/www.direnergy.net\/wp-content\/uploads\/2020\/12\/manual-usuario-huawei-sun2000-8KTL-20KTL-m0.pdf\">Manual.<\/a><\/span><\/p>\n<p>Los inversores Huawei disponen del marcaje CE y los certificados necesarios para la <strong>legalizaci\u00f3n de la instalaci\u00f3n solar<\/strong> y venta de excedentes en Espa\u00f1a. La <strong>garant\u00eda es de 5 a\u00f1os.<\/strong><\/p>\n<p>En este producto se incluye:<\/p>\n<p>&#8211; 1x Inversor Huawei SUN2000-20KTL-M0.<\/p>\n<p><iframe src=\"https:\/\/www.youtube.com\/embed\/RHB12xxBQck\" width=\"560\" height=\"315\" frameborder=\"0\" allowfullscreen=\"allowfullscreen\"><\/iframe><\/p>\n","protected":false},"excerpt":{"rendered":"<p>El inversor Huawei SUN2000-20KTL-M0 de 20.000W es un <strong>inversor solar trif\u00e1sico<\/strong> para instalaciones fotovoltaicas con <strong>conexi\u00f3n a red,<\/strong>\u00a0<strong>2MPPT<\/strong>\u00a0y <strong>monitorizaci\u00f3n <\/strong>por PC o aplicaci\u00f3n m\u00f3vil.<\/p>\n","protected":false},"featured_media":2212,"template":"","meta":{"ocean_post_layout":"","ocean_both_sidebars_style":"","ocean_both_sidebars_content_width":0,"ocean_both_sidebars_sidebars_width":0,"ocean_sidebar":"0","ocean_second_sidebar":"0","ocean_disable_margins":"enable","ocean_add_body_class":"","ocean_shortcode_before_top_bar":"","ocean_shortcode_after_top_bar":"","ocean_shortcode_before_header":"","ocean_shortcode_after_header":"","ocean_has_shortcode":"","ocean_shortcode_after_title":"","ocean_shortcode_before_footer_widgets":"","ocean_shortcode_after_footer_widgets":"","ocean_shortcode_before_footer_bottom":"","ocean_shortcode_after_footer_bottom":"","ocean_display_top_bar":"default","ocean_display_header":"default","ocean_header_style":"","ocean_center_header_left_menu":"0","ocean_custom_header_template":"0","ocean_custom_logo":0,"ocean_custom_retina_logo":0,"ocean_custom_logo_max_width":0,"ocean_custom_logo_tablet_max_width":0,"ocean_custom_logo_mobile_max_width":0,"ocean_custom_logo_max_height":0,"ocean_custom_logo_tablet_max_height":0,"ocean_custom_logo_mobile_max_height":0,"ocean_header_custom_menu":"0","ocean_menu_typo_font_family":"0","ocean_menu_typo_font_subset":"","ocean_menu_typo_font_size":0,"ocean_menu_typo_font_size_tablet":0,"ocean_menu_typo_font_size_mobile":0,"ocean_menu_typo_font_size_unit":"px","ocean_menu_typo_font_weight":"","ocean_menu_typo_font_weight_tablet":"","ocean_menu_typo_font_weight_mobile":"","ocean_menu_typo_transform":"","ocean_menu_typo_transform_tablet":"","ocean_menu_typo_transform_mobile":"","ocean_menu_typo_line_height":0,"ocean_menu_typo_line_height_tablet":0,"ocean_menu_typo_line_height_mobile":0,"ocean_menu_typo_line_height_unit":"","ocean_menu_typo_spacing":0,"ocean_menu_typo_spacing_tablet":0,"ocean_menu_typo_spacing_mobile":0,"ocean_menu_typo_spacing_unit":"","ocean_menu_link_color":"","ocean_menu_link_color_hover":"","ocean_menu_link_color_active":"","ocean_menu_link_background":"","ocean_menu_link_hover_background":"","ocean_menu_link_active_background":"","ocean_menu_social_links_bg":"","ocean_menu_social_hover_links_bg":"","ocean_menu_social_links_color":"","ocean_menu_social_hover_links_color":"","ocean_disable_title":"default","ocean_disable_heading":"default","ocean_post_title":"","ocean_post_subheading":"","ocean_post_title_style":"","ocean_post_title_background_color":"","ocean_post_title_background":0,"ocean_post_title_bg_image_position":"","ocean_post_title_bg_image_attachment":"","ocean_post_title_bg_image_repeat":"","ocean_post_title_bg_image_size":"","ocean_post_title_height":0,"ocean_post_title_bg_overlay":0.5,"ocean_post_title_bg_overlay_color":"","ocean_disable_breadcrumbs":"default","ocean_breadcrumbs_color":"","ocean_breadcrumbs_separator_color":"","ocean_breadcrumbs_links_color":"","ocean_breadcrumbs_links_hover_color":"","ocean_display_footer_widgets":"default","ocean_display_footer_bottom":"default","ocean_custom_footer_template":"0","_joinchat":[]},"product_cat":[111,85,90],"product_tag":[],"class_list":{"0":"post-2234","1":"product","2":"type-product","3":"status-publish","4":"has-post-thumbnail","6":"product_cat-inversores-autoconsumo-castellon","7":"product_cat-inversores","8":"product_cat-inversores-trifasicos-castellon","10":"entry","11":"has-media","13":"first","14":"outofstock","15":"taxable","16":"shipping-taxable","17":"purchasable","18":"product-type-simple","19":"has-product-nav","20":"col","21":"span_1_of_4","22":"owp-content-center","23":"owp-thumbs-layout-horizontal","24":"owp-btn-normal","25":"owp-tabs-layout-horizontal"},"_links":{"self":[{"href":"https:\/\/www.direnergy.net\/index.php\/wp-json\/wp\/v2\/product\/2234","targetHints":{"allow":["GET"]}}],"collection":[{"href":"https:\/\/www.direnergy.net\/index.php\/wp-json\/wp\/v2\/product"}],"about":[{"href":"https:\/\/www.direnergy.net\/index.php\/wp-json\/wp\/v2\/types\/product"}],"wp:featuredmedia":[{"embeddable":true,"href":"https:\/\/www.direnergy.net\/index.php\/wp-json\/wp\/v2\/media\/2212"}],"wp:attachment":[{"href":"https:\/\/www.direnergy.net\/index.php\/wp-json\/wp\/v2\/media?parent=2234"}],"wp:term":[{"taxonomy":"product_cat","embeddable":true,"href":"https:\/\/www.direnergy.net\/index.php\/wp-json\/wp\/v2\/product_cat?post=2234"},{"taxonomy":"product_tag","embeddable":true,"href":"https:\/\/www.direnergy.net\/index.php\/wp-json\/wp\/v2\/product_tag?post=2234"}],"curies":[{"name":"wp","href":"https:\/\/api.w.org\/{rel}","templated":true}]}}