{"id":2200,"date":"2020-12-14T11:57:26","date_gmt":"2020-12-14T10:57:26","guid":{"rendered":"https:\/\/www.direnergy.net\/?post_type=product&#038;p=2200"},"modified":"2022-05-23T16:16:25","modified_gmt":"2022-05-23T14:16:25","slug":"gestor-energia-ampere-t-pro-18-pv","status":"publish","type":"product","link":"https:\/\/www.direnergy.net\/index.php\/producto\/gestor-energia-ampere-t-pro-18-pv\/","title":{"rendered":"Gestor energ\u00eda Ampere T-Pro 18 PV"},"content":{"rendered":"<p>El <strong>gestor de energ\u00eda<\/strong> <strong>Ampere T-Pro 18 PV<\/strong> es un gestor inteligente <strong>&#8220;Todo en uno&#8221;<\/strong> de la marca valenciana Ampere Energy. El sistema incluye una <strong>bater\u00eda de litio de 18kWh, <\/strong>un <strong>inversor solar h\u00edbrido trif\u00e1sico de 9kW <\/strong>y el\u00a0<strong>BMS inteligente<\/strong> en un mismo sistema. Adem\u00e1s, las bater\u00edas de Ampere est\u00e1n preparadas para funcionar como <span style=\"color: #3089e9;\"><a style=\"color: #3089e9;\" href=\"https:\/\/www.direnergy.net\/index.php\/blog\/centrales-electricas-virtuales-virtual-power-plant\/\">centrales el\u00e9ctricas virtuales (VPP)<\/a><\/span>.<\/p>\n<p>&#8211; <span style=\"color: #3089e9;\"><a style=\"color: #3089e9;\" href=\"https:\/\/www.direnergy.net\/wp-content\/uploads\/2020\/12\/Ficha-datos-Ampere-Square-Tower-T-Pro.pdf\">Ficha de datos.<\/a><\/span><\/p>\n<p>&#8211; <span style=\"color: #3089e9;\"><a style=\"color: #3089e9;\" href=\"https:\/\/www.direnergy.net\/wp-content\/uploads\/2020\/12\/informacion-ampere-energy.pdf\">Informaci\u00f3n Ampere Energy.<\/a><\/span><\/p>\n<p>La <span style=\"color: #3089e9;\"><strong><a style=\"color: #3089e9;\" href=\"https:\/\/www.direnergy.net\/wp-content\/uploads\/2020\/12\/garantia-ampere-energy-es.pdf\">garant\u00eda es de 10 a\u00f1os <\/a><\/strong><\/span>en la capacidad de la bater\u00eda.<\/p>\n<p>En este producto se incluye:<\/p>\n<p>&#8211; 1x Ampere T-Pro 18 PV<\/p>\n<p>Para conocer su funcionamiento puedes leer <span style=\"color: #3089e9;\"><a style=\"color: #3089e9;\" href=\"https:\/\/www.direnergy.net\/index.php\/blog\/novedades\/sistemas-gestion-energetica-ampere-energy\/\">nuestro art\u00edculo<\/a><\/span>\u00a0o ver el siguiente v\u00eddeo.<\/p>\n<p><iframe src=\"https:\/\/www.youtube.com\/embed\/oVPJvCHnO5c\" width=\"560\" height=\"315\" frameborder=\"0\" allowfullscreen=\"allowfullscreen\"><\/iframe><\/p>\n","protected":false},"excerpt":{"rendered":"<p>El <strong>gestor de energ\u00eda<\/strong> <strong>Ampere T-Pro 18 PV<\/strong> es un gestor inteligente <strong>&#8220;Todo en uno&#8221;<\/strong> de Ampere Energy. El sistema incluye una <strong>bater\u00eda de litio de 18kWh, <\/strong>un <strong>inversor solar h\u00edbrido trif\u00e1sico de 9kW <\/strong>y el\u00a0<strong>BMS inteligente<\/strong> en un mismo sistema.<\/p>\n","protected":false},"featured_media":2021,"template":"","meta":{"ocean_post_layout":"","ocean_both_sidebars_style":"","ocean_both_sidebars_content_width":0,"ocean_both_sidebars_sidebars_width":0,"ocean_sidebar":"0","ocean_second_sidebar":"0","ocean_disable_margins":"enable","ocean_add_body_class":"","ocean_shortcode_before_top_bar":"","ocean_shortcode_after_top_bar":"","ocean_shortcode_before_header":"","ocean_shortcode_after_header":"","ocean_has_shortcode":"","ocean_shortcode_after_title":"","ocean_shortcode_before_footer_widgets":"","ocean_shortcode_after_footer_widgets":"","ocean_shortcode_before_footer_bottom":"","ocean_shortcode_after_footer_bottom":"","ocean_display_top_bar":"default","ocean_display_header":"default","ocean_header_style":"","ocean_center_header_left_menu":"0","ocean_custom_header_template":"0","ocean_custom_logo":0,"ocean_custom_retina_logo":0,"ocean_custom_logo_max_width":0,"ocean_custom_logo_tablet_max_width":0,"ocean_custom_logo_mobile_max_width":0,"ocean_custom_logo_max_height":0,"ocean_custom_logo_tablet_max_height":0,"ocean_custom_logo_mobile_max_height":0,"ocean_header_custom_menu":"0","ocean_menu_typo_font_family":"0","ocean_menu_typo_font_subset":"","ocean_menu_typo_font_size":0,"ocean_menu_typo_font_size_tablet":0,"ocean_menu_typo_font_size_mobile":0,"ocean_menu_typo_font_size_unit":"px","ocean_menu_typo_font_weight":"","ocean_menu_typo_font_weight_tablet":"","ocean_menu_typo_font_weight_mobile":"","ocean_menu_typo_transform":"","ocean_menu_typo_transform_tablet":"","ocean_menu_typo_transform_mobile":"","ocean_menu_typo_line_height":0,"ocean_menu_typo_line_height_tablet":0,"ocean_menu_typo_line_height_mobile":0,"ocean_menu_typo_line_height_unit":"","ocean_menu_typo_spacing":0,"ocean_menu_typo_spacing_tablet":0,"ocean_menu_typo_spacing_mobile":0,"ocean_menu_typo_spacing_unit":"","ocean_menu_link_color":"","ocean_menu_link_color_hover":"","ocean_menu_link_color_active":"","ocean_menu_link_background":"","ocean_menu_link_hover_background":"","ocean_menu_link_active_background":"","ocean_menu_social_links_bg":"","ocean_menu_social_hover_links_bg":"","ocean_menu_social_links_color":"","ocean_menu_social_hover_links_color":"","ocean_disable_title":"default","ocean_disable_heading":"default","ocean_post_title":"","ocean_post_subheading":"","ocean_post_title_style":"","ocean_post_title_background_color":"","ocean_post_title_background":0,"ocean_post_title_bg_image_position":"","ocean_post_title_bg_image_attachment":"","ocean_post_title_bg_image_repeat":"","ocean_post_title_bg_image_size":"","ocean_post_title_height":0,"ocean_post_title_bg_overlay":0.5,"ocean_post_title_bg_overlay_color":"","ocean_disable_breadcrumbs":"default","ocean_breadcrumbs_color":"","ocean_breadcrumbs_separator_color":"","ocean_breadcrumbs_links_color":"","ocean_breadcrumbs_links_hover_color":"","ocean_display_footer_widgets":"default","ocean_display_footer_bottom":"default","ocean_custom_footer_template":"0","_joinchat":[]},"product_cat":[91,85,92],"product_tag":[],"class_list":{"0":"post-2200","1":"product","2":"type-product","3":"status-publish","4":"has-post-thumbnail","6":"product_cat-hibridos","7":"product_cat-inversores","8":"product_cat-monofasicos-hibridos","10":"entry","11":"has-media","13":"first","14":"instock","15":"taxable","16":"shipping-taxable","17":"purchasable","18":"product-type-simple","19":"has-product-nav","20":"col","21":"span_1_of_4","22":"owp-content-center","23":"owp-thumbs-layout-horizontal","24":"owp-btn-normal","25":"owp-tabs-layout-horizontal"},"_links":{"self":[{"href":"https:\/\/www.direnergy.net\/index.php\/wp-json\/wp\/v2\/product\/2200","targetHints":{"allow":["GET"]}}],"collection":[{"href":"https:\/\/www.direnergy.net\/index.php\/wp-json\/wp\/v2\/product"}],"about":[{"href":"https:\/\/www.direnergy.net\/index.php\/wp-json\/wp\/v2\/types\/product"}],"wp:featuredmedia":[{"embeddable":true,"href":"https:\/\/www.direnergy.net\/index.php\/wp-json\/wp\/v2\/media\/2021"}],"wp:attachment":[{"href":"https:\/\/www.direnergy.net\/index.php\/wp-json\/wp\/v2\/media?parent=2200"}],"wp:term":[{"taxonomy":"product_cat","embeddable":true,"href":"https:\/\/www.direnergy.net\/index.php\/wp-json\/wp\/v2\/product_cat?post=2200"},{"taxonomy":"product_tag","embeddable":true,"href":"https:\/\/www.direnergy.net\/index.php\/wp-json\/wp\/v2\/product_tag?post=2200"}],"curies":[{"name":"wp","href":"https:\/\/api.w.org\/{rel}","templated":true}]}}